{"id":728051,"date":"2023-02-06T19:24:05","date_gmt":"2023-02-06T17:24:05","guid":{"rendered":"https:\/\/serenicapelli.com\/fragen-und-antworten\/"},"modified":"2023-04-01T18:35:08","modified_gmt":"2023-04-01T16:35:08","slug":"fragen-und-antworten","status":"publish","type":"page","link":"https:\/\/serenicapelli.com\/de\/fragen-und-antworten\/","title":{"rendered":"FRAGEN UND ANTWORTEN"},"content":{"rendered":"\t\t<div data-elementor-type=\"wp-page\" data-elementor-id=\"728051\" class=\"elementor elementor-728051 elementor-727182\" data-elementor-post-type=\"page\">\n\t\t\t\t<div class=\"elementor-element elementor-element-bd2a907 e-flex e-con-boxed e-con e-parent\" data-id=\"bd2a907\" data-element_type=\"container\">\n\t\t\t\t\t<div class=\"e-con-inner\">\n\t\t\t\t<div class=\"elementor-element elementor-element-d6e6f30 elementor-widget elementor-widget-text-editor\" data-id=\"d6e6f30\" data-element_type=\"widget\" data-widget_type=\"text-editor.default\">\n\t\t\t\t<div class=\"elementor-widget-container\">\n\t\t\t\t\t\t\t\t\t<h3>Fragen und Antworten<\/h3>\n<p>Auf dieser Seite finden Sie Antworten auf die am h\u00e4ufigsten gestellten Fragen unserer Kunden.<\/p>\n<p>Diese Informationen werden Ihnen helfen, die besten Ergebnisse bei der Verwendung von Sereni Capelli Produkten zu erzielen.<\/p>\n<p><strong>Welche Garantie habe ich, dass dieses Produkt funktioniert?<\/strong><\/p>\n<p>F\u00fcr die Produkte von Sereni Capelli gilt eine 30-t\u00e4gige Garantie ab dem Datum des Erhalts. Wenn Sie mit den Ergebnissen, die Sie durch die Verwendung unserer Produkte f\u00fcr mindestens 15 Tage erzielt haben, nicht zufrieden sind, k\u00f6nnen Sie uns \u00fcber die Informationen auf der Seite KONTAKT kontaktieren und wir erstatten Ihnen den vollen Betrag, einschlie\u00dflich der Versandkosten, zur\u00fcck.<\/p>\n<p><strong>Kann ich dieses Produkt auch f\u00fcr meinen Bart verwenden?<\/strong><\/p>\n<p>Ja, die Produkte von Sereni Capelli k\u00f6nnen auch f\u00fcr B\u00e4rte verwendet werden, aber achten Sie darauf, dass Sie das Produkt nicht verschlucken, um Unannehmlichkeiten zu vermeiden. Es ist zu beachten, dass Barthaar sehr grob ist und Sie m\u00f6glicherweise nicht so schnell Ergebnisse erzielen wie Kopfhaar. Bitte schrauben Sie deshalb Ihre Erwartungen ein wenig zur\u00fcck und haben Sie mehr Geduld.<\/p>\n<p><strong>Kann ich dieses Produkt verwenden, wenn ich schwanger bin? Was ist, wenn ich stille?<\/strong><\/p>\n<p>Die Produkte von Sereni Capelli bestehen aus unbedenklichen Zutaten und stellen daher kein Risiko f\u00fcr die Gesundheit des Babys dar.<br \/>Sie sind auch f\u00fcr die Verwendung w\u00e4hrend der Stillzeit geeignet.<\/p>\n<p><strong>Kann ich dieses Produkt verwenden, wenn ich k\u00fcrzlich ein Haarimplantat erhalten habe?<\/strong><\/p>\n<p>Wenn Sie sich vor kurzem einer Haarimplantation unterzogen haben, empfehlen wir Ihnen, mindestens 6 Monate zu warten, bevor Sie die Produkte von Sereni Capelli verwenden.<\/p>\n<p>Sie enthalten Alkohol, und das implantierte Haar braucht Zeit, um sich zu entwickeln und seine Wurzeln zu st\u00e4rken.<\/p>\n<p>Nach 6 Monaten nach der Implantation kann die Verwendung unserer Produkte jedoch sogar empfohlen werden, da sie zur St\u00e4rkung des Haares und zur Beseitigung von Bakterien beitragen, die zu Haarausfall f\u00fchren k\u00f6nnen.<\/p>\n<p><strong>Ich bin allergisch gegen Farbe. Kann ich diese Produkte verwenden?<\/strong><\/p>\n<p>Sie k\u00f6nnen die Produkte von Sereni Capelli anstelle von Farbstoffen verwenden, ohne das Risiko, eine Allergie auszul\u00f6sen, denn die Produkte von Sereni Capelli enthalten weder Farbpigmente noch Oxidationsmittel (PEROXID).<\/p>\n<p>Obwohl sie dem Haar seine nat\u00fcrliche Farbe zur\u00fcckgeben, haben die Produkte von Sereni Capelli nichts mit Haarf\u00e4rbemitteln zu tun.<\/p>\n<p><strong>Ich habe Psoriasis (oder eine andere Hautkrankheit), kann ich dieses Produkt verwenden?<\/strong><\/p>\n<p>Die Behandlungen &#8222;Lozione&#8220; und &#8222;Crema &#8211; Forte&#8220; enthalten Alkohol.<br \/>In Anbetracht der Komplexit\u00e4t der Krankheit Psoriasis und anderer Hautkrankheiten empfehlen wir keine Behandlungen, auch wenn bei keinem der vom Produktionsteam durchgef\u00fchrten Tests Nebenwirkungen aufgetreten sind.<\/p>\n<p>Intenso Gel&#8220; und &#8222;Shampoo&#8220;-Beschleuniger sind in der Anwendung noch sicherer als Kuren, aber auch bei diesen Produkten ist gro\u00dfe Vorsicht geboten.<\/p>\n<p><strong>Ich nehme Medikamente. Kann ich dieses Produkt verwenden?<\/strong><\/p>\n<p>Die Verwendung von Sereni Capelli-Produkten in Verbindung mit anderen Behandlungen ist nicht eingeschr\u00e4nkt, aber Sie sollten Folgendes beachten:<\/p>\n<ul>\n<li>Wenn Sie Oberfl\u00e4chenbehandlungen wie \u00d6le, Salben, Sprays usw. verwenden, sollten Sie diese nicht auf derselben Oberfl\u00e4che anwenden, auf der Sie die &#8222;Lozione&#8220;- oder &#8222;Crema-Forte&#8220;-Behandlungen auftragen, da sich diese Behandlungen h\u00f6chstwahrscheinlich gegenseitig aufheben.<\/li>\n<li>Die oben genannten Einschr\u00e4nkungen gelten nicht f\u00fcr &#8222;Shampoo&#8220;- oder &#8222;Gel-Intenso&#8220;-Beschleuniger.<\/li>\n<li>Bei Arzneimitteln zum Einnehmen gibt es keine Einschr\u00e4nkungen.<\/li>\n<li>Bitte beachten Sie, dass einige Medikamente wie &#8222;Aspirin&#8220; und &#8222;Paracetamol&#8220; die Wirkung der Sereni Capelli-Behandlungen um bis zu 40 % abschw\u00e4chen k\u00f6nnen.<\/li>\n<\/ul>\n<div> <\/div>\n<p><strong>Ich bin gegen mehrere Stoffe allergisch. Kann ich dieses Produkt verwenden?<\/strong><\/p>\n<p>WIR EMPFEHLEN DIE VERWENDUNG VON SERENI CAPELLI PRODUKTEN NICHT F\u00dcR PERSONEN MIT MULTIPLEN ALLERGIEN!<\/p>\n<p>Die Produkte von Sereni Capelli enthalten keine Zutaten, die Allergien ausl\u00f6sen k\u00f6nnen. Es enth\u00e4lt jedoch Alkohol und kann Hautreizungen verursachen, die bei Menschen, die sehr leicht allergisch reagieren, zu Allergien f\u00fchren k\u00f6nnen.<\/p>\n<p>Menschen mit Mehrfachallergien oder Menschen, die sehr leicht empfindlich oder allergisch auf verschiedene Stoffe reagieren, k\u00f6nnen manchmal auch gegen nicht allergene Stoffe\/Zutaten allergisch werden. Aus diesem Grund raten wir zu Ihrer Sicherheit von der Verwendung dieser Produkte ab.<\/p>\n<p>Wenn Sie unsere Produkte jedoch wirklich verwenden wollen, empfehlen wir Ihnen, sie erst ganz langsam zu testen, bevor Sie sie gem\u00e4\u00df den Anweisungen verwenden.<\/p>\n<p><strong>WIE EMPFEHLEN WIR IHNEN, VORZUGEHEN?<\/strong><\/p>\n<ul>\n<li>Stellen Sie zun\u00e4chst sicher, dass Sie die notwendigen Medikamente gegen Allergien zur Hand haben, falls diese auftreten sollten.<\/li>\n<li>Bitte sorgen Sie zu Ihrer Sicherheit daf\u00fcr, dass eine weitere Person mit Ihnen im Zimmer ist, um Ihnen gegebenenfalls erste Hilfe zu leisten oder Sie im Falle einer schweren Allergie ins Krankenhaus zu bringen.<\/li>\n<li>Sch\u00fctteln Sie die Flasche gut, geben Sie dann eine sehr kleine Menge des Produkts auf Ihren Unterarm und verteilen Sie es mit der Fingerspitze auf einer Fl\u00e4che von 3-4 cm.<\/li>\n<li>Warten Sie ein paar Stunden, und wenn nichts passiert, wiederholen Sie den gleichen Vorgang auf der Kopfhaut am \u00dcbergang zur Stirn.<\/li>\n<li>Wenn es keine Anzeichen einer Allergie gibt, k\u00f6nnen Sie eine gr\u00f6\u00dfere Fl\u00e4che behandeln und den Vorgang mindestens viermal im Abstand von vier Stunden wiederholen.<\/li>\n<li>Wenn keine Allergien auftreten, aber Hautreizungen auftreten, sollten Sie abw\u00e4gen, wie stark und wie l\u00e4stig diese Reizungen sind, um zu beurteilen, ob Sie die Behandlung fortsetzen wollen.<\/li>\n<li>Hautreizungen k\u00f6nnen bei manchen Menschen auftreten und sind ein normaler Vorgang, der aber nach etwa 15 Anwendungen verschwindet.<\/li>\n<li>Es ist sehr wichtig, den Unterschied zwischen Hautreizung und Allergie zu beachten!<\/li>\n<\/ul>\n<div> <\/div>\n<p><strong>Ich habe keine wei\u00dfen Haare! Kann ich die anderen Leistungen in Anspruch nehmen?<\/strong><\/p>\n<p>Ja! Sie k\u00f6nnen die Produkte von Sereni Capelli auch dann verwenden, wenn Sie keine wei\u00dfen Haare haben, und alle anderen Vorteile genie\u00dfen.<br \/>Wenn Sie die Produkte von Sereni Capelli verwenden, wenn Sie keine wei\u00dfen Haare haben, k\u00f6nnen Sie deren Auftreten verhindern.<\/p>\n<p><strong>Ich benutze dieses Produkt und meine Kopfhaut juckt. Warum?<\/strong><\/p>\n<p>Wenn Ihre Kopfhaut bei der Anwendung von Sereni Capelli juckt, bedeutet dies, dass entweder Mikrorisse in der Kopfhaut vorhanden sind und diese repariert werden, oder dass Sie eine Bakterienkolonie haben, die entfernt wird.<\/p>\n<p>Nach etwa 2-3 Wochen der Anwendung unserer Behandlungen wird der Juckreiz verschwinden und die Kopfhaut vollst\u00e4ndig geheilt sein.<\/p>\n<p><strong>Wenn ich dieses Produkt benutze, riechen meine Haare schlecht. Warum?<\/strong><\/p>\n<p>Bei f\u00fclligem Haar k\u00f6nnen sich Bakterienkolonien in der Kopfhaut ansammeln und sogar auf das Haar \u00fcbergehen.<br \/>Mit den Produkten von Sereni Capelli werden diese Bakterien von den Substanzen in unseren Produkten angegriffen und &#8222;bek\u00e4mpft&#8220;.<\/p>\n<p>Als Folge der Bek\u00e4mpfung dieser Bakterien entsteht in der Regel ein unangenehmer Geruch, insbesondere kurz nach der Anwendung des Produkts.<\/p>\n<p>Es dauert etwa 3 Wochen, bis diese Bakterien beseitigt sind und der Geruch verschwindet.<\/p>\n<p>Nach diesen 3 Wochen sollte der Geruch fast vollst\u00e4ndig verschwunden sein, ein Zeichen daf\u00fcr, dass die Bakterien entfernt wurden.<\/p>\n<p>In solchen F\u00e4llen empfehlen wir Ihnen, die Produkte mindestens 5 Wochen lang nach dem &#8222;Behandlungsschema&#8220; weiter anzuwenden, bevor Sie auf das &#8222;Konsolidierungsschema&#8220; umstellen.<\/p>\n<p><strong>Meine Haut ist rot und juckt. Warum?<\/strong><\/p>\n<p>Wenn Ihre Haut bei der Anwendung der Sereni Capelli-Behandlungen brennt und sich r\u00f6tet, haben Sie m\u00f6glicherweise eine empfindliche Haut oder leiden an einer Hautkrankheit, die Sie nicht kennen.<br \/>Es besteht jedoch auch die M\u00f6glichkeit, dass die Haut Ihrer Kopfhaut Mikrorisse enth\u00e4lt, die repariert werden m\u00fcssen.<\/p>\n<p>Wir empfehlen, sich zun\u00e4chst zu vergewissern, dass au\u00dfer dem anf\u00e4nglichen Stechen und der R\u00f6tung der Kopfhaut keine weiteren Auswirkungen auf die Haut auftreten.<br \/>Wenn keine weiteren Effekte auftreten und die rote Farbe innerhalb von 2-3 Stunden verschwindet, ist dies ein normaler Prozess und sollte nach etwa 15-20 Anwendungen verschwinden, da die Kopfhaut widerstandsf\u00e4higer wird.<\/p>\n<p><strong>Ich verwende dieses Produkt, aber ich sehe keine Wirkung.<\/strong><\/p>\n<p>Die Wahrscheinlichkeit, dass Sie die Sereni Capelli-Behandlungen 14 Tage lang korrekt und wie vorgeschrieben anwenden und keine Verbesserung feststellen, liegt bei weniger als 1 zu 100.000.<\/p>\n<p>Mehr als 99 % der gemeldeten Ineffizienzen waren auf einen unangemessenen Einsatz von Behandlungen zur\u00fcckzuf\u00fchren.<\/p>\n<p>Um sicherzustellen, dass Sie die Behandlung richtig angewendet haben, lesen Sie bitte auf der Seite des jeweiligen Produkts nach, auf der Sie die korrekte Gebrauchsanweisung finden.<\/p>\n<p>Wenn Sie die Produkte richtig angewendet haben und wirklich keine Ergebnisse erzielen, geh\u00f6ren Sie zu den wenigen Menschen, bei denen das Produkt einfach nicht wirken kann.<\/p>\n<p>Wenn Sie Wirkungen bemerken, die aber nicht die gew\u00fcnschten sind, trifft eine oder mehrere der folgenden Situationen auf Sie zu:<\/p>\n<ul>\n<li>Sie haben die Anwendungszeiten des Produkts nicht beachtet.<\/li>\n<li>Sie haben nicht genug Produkt verwendet.<\/li>\n<li>Sch\u00fctteln Sie die Flasche vor dem Gebrauch nicht gut genug.<\/li>\n<li>Sie haben das Pr\u00e4parat nicht \u00fcber einen ausreichenden Zeitraum angewendet (normalerweise ist es erforderlich, das Pr\u00e4parat gem\u00e4\u00df dem Behandlungsplan 4-6 Wochen lang ohne Unterbrechung anzuwenden).<\/li>\n<\/ul>\n\t\t\t\t\t\t\t\t<\/div>\n\t\t\t\t<\/div>\n\t\t\t\t\t<\/div>\n\t\t\t\t<\/div>\n\t\t\t\t<\/div>\n\t\t","protected":false},"excerpt":{"rendered":"<p>Fragen und Antworten Auf dieser Seite finden Sie Antworten auf die am h\u00e4ufigsten gestellten Fragen unserer Kunden. Diese Informationen werden Ihnen helfen, die besten Ergebnisse bei der Verwendung von Sereni Capelli Produkten zu erzielen. Welche Garantie habe ich, dass dieses Produkt funktioniert? F\u00fcr die Produkte von Sereni Capelli gilt eine 30-t\u00e4gige Garantie ab dem Datum [&hellip;]<\/p>\n","protected":false},"author":1,"featured_media":0,"parent":0,"menu_order":0,"comment_status":"closed","ping_status":"closed","template":"","meta":{"footnotes":""},"class_list":["post-728051","page","type-page","status-publish","hentry"],"_links":{"self":[{"href":"https:\/\/serenicapelli.com\/de\/wp-json\/wp\/v2\/pages\/728051","targetHints":{"allow":["GET"]}}],"collection":[{"href":"https:\/\/serenicapelli.com\/de\/wp-json\/wp\/v2\/pages"}],"about":[{"href":"https:\/\/serenicapelli.com\/de\/wp-json\/wp\/v2\/types\/page"}],"author":[{"embeddable":true,"href":"https:\/\/serenicapelli.com\/de\/wp-json\/wp\/v2\/users\/1"}],"replies":[{"embeddable":true,"href":"https:\/\/serenicapelli.com\/de\/wp-json\/wp\/v2\/comments?post=728051"}],"version-history":[{"count":0,"href":"https:\/\/serenicapelli.com\/de\/wp-json\/wp\/v2\/pages\/728051\/revisions"}],"wp:attachment":[{"href":"https:\/\/serenicapelli.com\/de\/wp-json\/wp\/v2\/media?parent=728051"}],"curies":[{"name":"wp","href":"https:\/\/api.w.org\/{rel}","templated":true}]}}