{"id":2030025,"date":"2025-07-31T23:18:15","date_gmt":"2025-07-31T21:18:15","guid":{"rendered":"https:\/\/serenicapelli.com\/p\/lozione-shampoo-pack\/"},"modified":"2023-10-26T01:37:00","modified_gmt":"2023-10-25T23:37:00","slug":"lozione-shampoo-pack","status":"publish","type":"product","link":"https:\/\/serenicapelli.com\/da\/vare\/lozione-shampoo-pack\/","title":{"rendered":"Lozione + Shampoo &#8211; Pack"},"content":{"rendered":"<div class=\"elementor-element elementor-element-4bfd4e4f elementor-widget elementor-widget-image\" data-id=\"4bfd4e4f\" data-element_type=\"widget\" data-widget_type=\"image.default\">\n<div class=\"elementor-widget-container\">\n<div class=\"elementor-image\"><\/div>\n<\/div>\n<\/div>\n<div class=\"elementor-element elementor-element-1e616552 e-flex e-con-boxed e-con e-parent\" data-id=\"1e616552\" data-element_type=\"container\" data-settings=\"{&quot;content_width&quot;:&quot;boxed&quot;}\" data-core-v316-plus=\"true\">\n<div class=\"e-con-inner\">\n<div class=\"elementor-element elementor-element-369c83e5 e-con-full e-flex e-con e-child\" data-id=\"369c83e5\" data-element_type=\"container\" data-settings=\"{&quot;content_width&quot;:&quot;full&quot;}\">\n<div class=\"elementor-element elementor-element-257fb0a0 elementor-align-center elementor-widget elementor-widget-button\" data-id=\"257fb0a0\" data-element_type=\"widget\" data-widget_type=\"button.default\">\n<div class=\"elementor-widget-container\">\n<div class=\"elementor-button-wrapper\"><a class=\"elementor-button elementor-button-link elementor-size-xl\" href=\"#buylozione\"><span class=\"elementor-button-content-wrapper\"><span class=\"elementor-button-text\">PRIS TILBUD<\/span> <\/span> <\/a><\/div>\n<\/div>\n<\/div>\n<\/div>\n<div class=\"elementor-element elementor-element-47eb87c1 e-con-full e-flex e-con e-child\" data-id=\"47eb87c1\" data-element_type=\"container\" data-settings=\"{&quot;content_width&quot;:&quot;full&quot;}\">\n<div class=\"elementor-element elementor-element-2547f59 elementor-widget elementor-widget-heading\" data-id=\"2547f59\" data-element_type=\"widget\" data-widget_type=\"heading.default\">\n<div class=\"elementor-widget-container\">\n<h3 class=\"elementor-heading-title elementor-size-default\"><span style=\"color: #003366;\">Effekter og fordele<\/span><\/h3>\n<\/div>\n<\/div>\n<div class=\"elementor-element elementor-element-13893022 e-con-full e-flex e-con e-child\" data-id=\"13893022\" data-element_type=\"container\" data-settings=\"{&quot;content_width&quot;:&quot;full&quot;}\">\n<div class=\"elementor-element elementor-element-58e902fe e-con-full e-flex e-con e-child\" data-id=\"58e902fe\" data-element_type=\"container\" data-settings=\"{&quot;content_width&quot;:&quot;full&quot;}\">\n<div class=\"elementor-element elementor-element-41e0bd04 elementor-widget elementor-widget-image\" data-id=\"41e0bd04\" data-element_type=\"widget\" data-widget_type=\"image.default\">\n<div class=\"elementor-widget-container\">\n<div class=\"elementor-image\"><span style=\"color: #003366;\"><img fetchpriority=\"high\" decoding=\"async\" class=\"attachment-large size-large wp-image-2029302 entered lazyloaded\" src=\"https:\/\/serenicapelli.com\/wp-content\/uploads\/2023\/10\/Grey-hair-Before-After.jpg\" sizes=\"(max-width: 800px) 100vw, 800px\" srcset=\"https:\/\/serenicapelli.com\/wp-content\/uploads\/2023\/10\/Grey-hair-Before-After.jpg 1200w, https:\/\/serenicapelli.com\/wp-content\/uploads\/2023\/10\/Grey-hair-Before-After-600x300.jpg 600w, https:\/\/serenicapelli.com\/wp-content\/uploads\/2023\/10\/Grey-hair-Before-After-768x384.jpg 768w\" alt=\"\" width=\"800\" height=\"400\" data-lazy-srcset=\"https:\/\/serenicapelli.com\/wp-content\/uploads\/2023\/10\/Grey-hair-Before-After.jpg 1200w, https:\/\/serenicapelli.com\/wp-content\/uploads\/2023\/10\/Grey-hair-Before-After-600x300.jpg 600w, https:\/\/serenicapelli.com\/wp-content\/uploads\/2023\/10\/Grey-hair-Before-After-768x384.jpg 768w\" data-lazy-sizes=\"(max-width: 800px) 100vw, 800px\" data-lazy-src=\"https:\/\/serenicapelli.com\/wp-content\/uploads\/2023\/10\/Grey-hair-Before-After.jpg\" data-ll-status=\"loaded\" \/><\/span><\/div>\n<\/div>\n<\/div>\n<\/div>\n<div class=\"elementor-element elementor-element-50e7d3f4 e-con-full e-flex e-con e-child\" data-id=\"50e7d3f4\" data-element_type=\"container\" data-settings=\"{&quot;content_width&quot;:&quot;full&quot;}\">\n<div class=\"elementor-element elementor-element-67c42531 elementor-widget elementor-widget-image\" data-id=\"67c42531\" data-element_type=\"widget\" data-widget_type=\"image.default\">\n<div class=\"elementor-widget-container\">\n<div class=\"elementor-image\"><span style=\"color: #003366;\"><img decoding=\"async\" class=\"attachment-large size-large wp-image-2029325 entered lazyloaded\" src=\"https:\/\/serenicapelli.com\/wp-content\/uploads\/2023\/10\/hairloss-before-after.jpg\" sizes=\"(max-width: 800px) 100vw, 800px\" srcset=\"https:\/\/serenicapelli.com\/wp-content\/uploads\/2023\/10\/hairloss-before-after.jpg 1200w, https:\/\/serenicapelli.com\/wp-content\/uploads\/2023\/10\/hairloss-before-after-600x300.jpg 600w, https:\/\/serenicapelli.com\/wp-content\/uploads\/2023\/10\/hairloss-before-after-768x384.jpg 768w\" alt=\"\" width=\"800\" height=\"400\" data-lazy-srcset=\"https:\/\/serenicapelli.com\/wp-content\/uploads\/2023\/10\/hairloss-before-after.jpg 1200w, https:\/\/serenicapelli.com\/wp-content\/uploads\/2023\/10\/hairloss-before-after-600x300.jpg 600w, https:\/\/serenicapelli.com\/wp-content\/uploads\/2023\/10\/hairloss-before-after-768x384.jpg 768w\" data-lazy-sizes=\"(max-width: 800px) 100vw, 800px\" data-lazy-src=\"https:\/\/serenicapelli.com\/wp-content\/uploads\/2023\/10\/hairloss-before-after.jpg\" data-ll-status=\"loaded\" \/><\/span><\/div>\n<\/div>\n<\/div>\n<\/div>\n<\/div>\n<div class=\"elementor-element elementor-element-505dc742 elementor-widget elementor-widget-text-editor\" data-id=\"505dc742\" data-element_type=\"widget\" data-widget_type=\"text-editor.default\">\n<div class=\"elementor-widget-container\">\n<div class=\"elementor-text-editor elementor-clearfix\">\n<ul>\n<li><span style=\"color: #003366;\">Gendanner gr\u00e5\/hvidt h\u00e5r til sin naturlige farve.<\/span><\/li>\n<li><span style=\"color: #003366;\">Hj\u00e6lper h\u00e5ret med at vokse i sin naturlige farve, s\u00e5 der ikke l\u00e6ngere vokser gr\u00e5\/hvidt h\u00e5r ud.<\/span><\/li>\n<li><span style=\"color: #003366;\">For damer kan det skabe en naturlig balayage.<\/span><\/li>\n<\/ul>\n<\/div>\n<\/div>\n<\/div>\n<div class=\"elementor-element elementor-element-21907a43 e-flex e-con-boxed e-con e-child\" data-id=\"21907a43\" data-element_type=\"container\" data-settings=\"{&quot;content_width&quot;:&quot;boxed&quot;}\">\n<div class=\"e-con-inner\">\n<div class=\"elementor-element elementor-element-18c4e726 e-con-full e-flex e-con e-child\" data-id=\"18c4e726\" data-element_type=\"container\" data-settings=\"{&quot;content_width&quot;:&quot;full&quot;}\">\n<div class=\"elementor-element elementor-element-207cb652 elementor-widget elementor-widget-text-editor\" data-id=\"207cb652\" data-element_type=\"widget\" data-widget_type=\"text-editor.default\">\n<div class=\"elementor-widget-container\">\n<div class=\"elementor-text-editor elementor-clearfix\">\n<ul>\n<li><span style=\"color: #003366;\">Behandler og stopper h\u00e5rtab.<\/span><\/li>\n<li><span style=\"color: #003366;\">Behandler og forebygger alopeci.<\/span><\/li>\n<li><span style=\"color: #003366;\">Regenererer h\u00e5r.<\/span><\/li>\n<li><span style=\"color: #003366;\">Fortykker h\u00e5rs\u00e6kke.<\/span><\/li>\n<li><span style=\"color: #003366;\">Assisterer med h\u00e5rfortykning.<\/span><\/li>\n<li><span style=\"color: #003366;\">Behandler og forebygger sk\u00e6l.<\/span><\/li>\n<li><span style=\"color: #003366;\">Behandler og forebygger dermatitis.<\/span><\/li>\n<\/ul>\n<\/div>\n<\/div>\n<\/div>\n<\/div>\n<div class=\"elementor-element elementor-element-66c7373c e-con-full e-flex e-con e-child\" data-id=\"66c7373c\" data-element_type=\"container\" data-settings=\"{&quot;content_width&quot;:&quot;full&quot;}\">\n<div class=\"elementor-element elementor-element-4c6d740f elementor-widget elementor-widget-text-editor\" data-id=\"4c6d740f\" data-element_type=\"widget\" data-widget_type=\"text-editor.default\">\n<div class=\"elementor-widget-container\">\n<div class=\"elementor-text-editor elementor-clearfix\">\n<ul>\n<li><span style=\"color: #003366;\">Behandler og forebygger sk\u00e6l.<\/span><\/li>\n<li><span style=\"color: #003366;\">Behandler ubehagelige lugte.<\/span><\/li>\n<li><span style=\"color: #003366;\">Fjerner og forebygger bakterier.<\/span><\/li>\n<li><span style=\"color: #003366;\">Behandler og forebygger Malassezia.<\/span><\/li>\n<li><span style=\"color: #003366;\">Behandler og forebygger svampe.<\/span><\/li>\n<li><span style=\"color: #003366;\">Forbedrer h\u00e5rglans.<\/span><\/li>\n<li><span style=\"color: #003366;\">Forbedrer h\u00e5rfarve.<\/span><\/li>\n<\/ul>\n<\/div>\n<\/div>\n<\/div>\n<\/div>\n<\/div>\n<\/div>\n<div class=\"elementor-element elementor-element-2b8ae5db elementor-widget elementor-widget-text-editor\" data-id=\"2b8ae5db\" data-element_type=\"widget\" data-widget_type=\"text-editor.default\">\n<div class=\"elementor-widget-container\">\n<div class=\"elementor-text-editor elementor-clearfix\">\n<ul>\n<li><span style=\"color: #003366;\">Denne behandling er yderst effektiv for personer med h\u00e5r l\u00e6ngere end 10 cm!<\/span><\/li>\n<li><span style=\"color: #003366;\">Til h\u00e5r kortere end 10 cm, brug <strong><a style=\"color: #003366;\" href=\"https:\/\/serenicapelli.com\/da\/cremaforte\">CREMA FORTE<\/a><\/strong> for maksimal effektivitet.<\/span><\/li>\n<li><span style=\"color: #003366;\">Du kan bruge <strong>Lozione<\/strong> i stedet for Crema Forte, selv <strong>til sk\u00e6g<\/strong>, men det vil v\u00e6re lidt sv\u00e6rere at p\u00e5f\u00f8re.<\/span><\/li>\n<\/ul>\n<\/div>\n<\/div>\n<\/div>\n<\/div>\n<\/div>\n<\/div>\n<div class=\"elementor-element elementor-element-28dbf95d e-flex e-con-boxed e-con e-parent\" data-id=\"28dbf95d\" data-element_type=\"container\" data-settings=\"{&quot;content_width&quot;:&quot;boxed&quot;}\" data-core-v316-plus=\"true\">\n<div class=\"e-con-inner\">\n<div class=\"elementor-element elementor-element-73df1b5e elementor-widget elementor-widget-text-editor\" data-id=\"73df1b5e\" data-element_type=\"widget\" data-widget_type=\"text-editor.default\">\n<div class=\"elementor-widget-container\">\n<div class=\"elementor-text-editor elementor-clearfix\">\n<h3><span style=\"color: #003366;\">HVAD ER LOZIONE?<\/span><\/h3>\n<p><span style=\"color: #003366;\">Lozione Hair Elixir er en behandling til h\u00e5r og hovedbund designet til at n\u00e6re og forynge dem. Ved at bruge denne behandling vil din hovedbund og h\u00e5r forynge sig med \u00e5rtier, og du vil kunne h\u00e5ndtere alle problemer med hovedbund og h\u00e5r med en enkelt behandling. Vores kunder bruger typisk Lozione Hair Elixir til at behandle eller afhj\u00e6lpe en eller flere problemer med h\u00e5r og hovedbund, men ved at bruge denne behandling som angivet i instruktionerne nedenfor, vil du afhj\u00e6lpe og forebygge dem alle.<\/span><\/p>\n<h3><span style=\"color: #003366;\">HVEM KAN BRUGE LOZIONE?<\/span><\/h3>\n<p><span style=\"color: #003366;\">Dette produkt anbefales kun til personer med h\u00e5r l\u00e6ngere end 10 cm! For dem med h\u00e5r kortere end 10 cm, anbefaler vi <strong><a style=\"color: #003366;\" href=\"https:\/\/serenicapelli.com\/da\/cremaforte\">CREMA FORTE<\/a><\/strong>, som har samme effekt, men er meget mere effektivt og nemt at bruge for personer med kort h\u00e5r.<\/span><\/p>\n<ul>\n<li><span style=\"color: #003366;\">Enhver person (b\u00e5de kvinder og m\u00e6nd) mellem 18 og 99 \u00e5r.<\/span><\/li>\n<li><span style=\"color: #003366;\">Gravide eller ammende kvinder.<\/span><\/li>\n<li><span style=\"color: #003366;\">Personer med allergi eller f\u00f8lsomhed over for farvestoffer, ammoniak, oxidanter osv.<\/span><\/li>\n<li><span style=\"color: #003366;\">Personer med enhver form for allergi.<\/span><\/li>\n<li><span style=\"color: #003366;\">Personer i gang med forskellige behandlinger, der forhindrer farvning.<\/span><\/li>\n<li><span style=\"color: #003366;\">Kvinder, der s\u00f8ger en naturlig, permanent Balayage uden farve.<\/span><\/li>\n<\/ul>\n<h3><span style=\"color: #003366;\">HVORDAN VIRKER DET?<\/span><\/h3>\n<p><span style=\"color: #003366;\">Lozione Hair Elixir H\u00e5rbehandling er ikke en h\u00e5rfarve og indeholder ikke pigmenter! Denne behandling indeholder forskellige n\u00e6rende stoffer til h\u00e5r og hovedbund og genopliver dem. Gennem genoplivning vil din hovedbund og h\u00e5r forynge sig og f\u00e5 den styrke, der er n\u00f8dvendig for at bek\u00e6mpe alle deres problemer, herunder tabet af h\u00e5rets evne til at producere naturlig farve. Lozione er et steriliserende produkt, hvilket betyder, at det vil \u00f8del\u00e6gge alle bakterier og svampe, det kommer i kontakt med. Som en endelig effekt vil dit h\u00e5r ved brug af Lozione genvinde sin naturlige farve, vokse hurtigere og stoppe med at falde ud p\u00e5 grund af ikke-naturlige \u00e5rsager. P\u00e5 grund af frav\u00e6ret af bakterier og svampe vil dit h\u00e5r udvikle sig og se bedre ud end nogensinde f\u00f8r.<\/span><\/p>\n<h3><span style=\"color: #003366;\">HVORFOR BRUGE LOZIONE?<\/span><\/h3>\n<ul>\n<li><span style=\"color: #003366;\">Ved at bruge Lozione Hair Elixir vil du opn\u00e5 mere <strong>beundring<\/strong> og <strong>respekt<\/strong> fra dem omkring dig.<\/span><\/li>\n<li><span style=\"color: #003366;\">Hvis du \u00f8nsker at blive en meget <strong>mere attraktiv person<\/strong><\/span><\/li>\n<li><span style=\"color: #003366;\">Hvis du \u00f8nsker at <strong>se meget yngre ud<\/strong>.<\/span><\/li>\n<li><span style=\"color: #003366;\">Hvis du \u00f8nsker at komme af med <strong>gr\u00e5t\/hvidt<\/strong> h\u00e5r.<\/span><\/li>\n<li><span style=\"color: #003366;\">Hvis du \u00f8nsker en <strong>sundere hovedbund og h\u00e5r<\/strong>.<\/span><\/li>\n<li><span style=\"color: #003366;\">Hvis du \u00f8nsker <strong>tykkere, t\u00e6ttere og blankere h\u00e5r<\/strong>.<\/span><\/li>\n<li><span style=\"color: #003366;\">Hvis du \u00f8nsker at slippe af med sk\u00e6l eller <strong>bakterier<\/strong> og have meget rent h\u00e5r.<\/span><\/li>\n<li><span style=\"color: #003366;\">Hvis du \u00f8nsker permanent at <strong>stoppe<\/strong> ikke-naturligt <strong>h\u00e5rtab<\/strong><\/span><\/li>\n<li><span style=\"color: #003366;\"><strong>Naturlig Genoprettelse<\/strong>: Lozione kan give en naturlig genopretning af h\u00e5rfarven uden de aggressive kemikalier, der ofte findes i traditionelle h\u00e5rfarver.<\/span><\/li>\n<li><span style=\"color: #003366;\"><strong>Kvalitetsingredienser<\/strong>: Italienske produkter er kendt for deres kvalitet. De naturlige ingredienser i Lozione kan v\u00e6re sk\u00e5nsommere mod h\u00e5ret end andre behandlinger p\u00e5 markedet.<\/span><\/li>\n<li><span style=\"color: #003366;\"><strong>Forebyggelse af Skader<\/strong>: Brug af behandlinger med naturlige ingredienser som Lozione kan reducere risikoen for h\u00e5rskader p\u00e5 grund af skrappe kemikalier.<\/span><\/li>\n<li><span style=\"color: #003366;\"><strong>Styrke og Ern\u00e6ring<\/strong>: Ud over at genfarve kan Lozione hj\u00e6lpe med at styrke og n\u00e6re h\u00e5ret, s\u00e5 det bliver bl\u00f8dt og silkeagtigt.<\/span><\/li>\n<li><span style=\"color: #003366;\"><strong>Langsigtet L\u00f8sning<\/strong>: I stedet for hyppig farvning kan Lozione give en langsigtet l\u00f8sning for gr\u00e5t h\u00e5r, hvilket reducerer behovet for hyppig genbehandling.<\/span><\/li>\n<li><span style=\"color: #003366;\"><strong>Besparelser<\/strong>: Selvom den indledende investering kan v\u00e6re h\u00f8jere, kan brugen af Lozione p\u00e5 lang sigt spare penge i forhold til andre behandlinger eller regelm\u00e6ssig salonfarvning.<\/span><\/li>\n<li><span style=\"color: #003366;\"><strong>Hjemmebekvemmelighed<\/strong>: Tidspunktet, hvor Lozione kan p\u00e5f\u00f8res derhjemme, tilbyder ekstra bekvemmelighed og undg\u00e5r besv\u00e6ret med at g\u00e5 til salonen.<\/span><\/li>\n<li><span style=\"color: #003366;\"><strong>Milj\u00f8venligt<\/strong>: Da det er et produkt baseret p\u00e5 mere naturlige ingredienser, kan Lozione betragtes som et mere milj\u00f8venligt produkt.<\/span><\/li>\n<\/ul>\n<h3><span style=\"color: #003366;\">INGREDIENSER<\/span><\/h3>\n<ul>\n<li><span style=\"color: #003366;\">Renset Vand<\/span><\/li>\n<li><span style=\"color: #003366;\">Alkohol Denat<\/span><\/li>\n<li><span style=\"color: #003366;\">Fugtgivende Glycerin<\/span><\/li>\n<li><span style=\"color: #003366;\">Naturligt Salt<\/span><\/li>\n<li><span style=\"color: #003366;\">Naturlig Bismuth Citrat<\/span><\/li>\n<li><span style=\"color: #003366;\">Gavnlig Svovl<\/span><\/li>\n<li><span style=\"color: #003366;\">Parfume (Parfume)<\/span><\/li>\n<\/ul>\n<h3><span style=\"color: #003366;\">BIVIRKNINGER<\/span><\/h3>\n<ul>\n<li><span style=\"color: #003366;\">Der er ingen bivirkninger.<\/span><\/li>\n<li><span style=\"color: #003366;\">Nogle gange kan der forekomme hudirritationer. Dette er normalt og sker med meget f\u00f8lsomme hovedbunde eller i tilf\u00e6lde med mikroskinl\u00e6sioner. Efter 10-15 anvendelser vil mikroslidserne hele, og irritationen vil forsvinde.<\/span><\/li>\n<\/ul>\n<h3><span style=\"color: #003366;\">KORREKT ANVENDELSE<\/span><\/h3>\n<p><span style=\"color: #003366;\">Uanset \u00e5rsagen til at bruge dette produkt, vil du drage fordel af alle dets virkninger, hvis du bruger det som angivet nedenfor. <strong>DER ER INGEN RISIKO FOR OVERDOSERING!<\/strong> Du kan bruge Lozione s\u00e5 ofte og i hvilken som helst m\u00e6ngde, du \u00f8nsker, uden frygt for overdosering. Det eneste problem, der opst\u00e5r, n\u00e5r du bruger for meget af dette produkt, er, at det vil blive brugt op hurtigere. For at hj\u00e6lpe dig med at spare produktet, men stadig opn\u00e5 de \u00f8nskede resultater, tilbyder vi den ideelle brugsmetode nedenfor, men du kan tilpasse brugen efter dine behov.<\/span><\/p>\n<h4><span style=\"color: #003366;\">GENERELLE ANVENDELSESINFORMATIONER:<\/span><\/h4>\n<ul>\n<li><span style=\"color: #003366;\">Ved f\u00f8rste brug, skru l\u00e5get af og fjern forseglingen.<\/span><\/li>\n<li><span style=\"color: #003366;\"><strong>Ryst flasken i et minut f\u00f8r hver brug<\/strong>.<\/span><\/li>\n<li><span style=\"color: #003366;\">H\u00e6ld produktet gennem flaskens l\u00e5g p\u00e5 hovedbunden og mass\u00e9r i 3-5 minutter.<\/span><\/li>\n<li><span style=\"color: #003366;\">Efter grundig massage af hovedbunden kan du p\u00e5f\u00f8re det p\u00e5 h\u00e5rl\u00e6ngderne, hvis de er gr\u00e5.<\/span><\/li>\n<li><span style=\"color: #003366;\">Efter p\u00e5f\u00f8ring skal du lade h\u00e5ret t\u00f8rre naturligt i mindst 15 minutter, derefter kan du bruge en h\u00e5rt\u00f8rrer p\u00e5 laveste hastighedsindstilling.<\/span><\/li>\n<li><span style=\"color: #003366;\"><strong>UNDG\u00c5 AT VASKE DIT H\u00c5R I MINDST 6 TIMER EFTER BRUG AF PRODUKTET!<\/strong><\/span><\/li>\n<li><span style=\"color: #003366;\">P\u00e5 dage, hvor du vasker dit h\u00e5r, skal du anvende produktet efter at have taget et bad, <strong>ikke f\u00f8r!<\/strong><\/span><\/li>\n<\/ul>\n<h4><span style=\"color: #003366;\">S\u00c5DAN BRUGES DET FOR AT OPN\u00c5 NATURLIG FARVE ELLER BALAYAGE:<\/span><\/h4>\n<ul>\n<li><span style=\"color: #003366;\">Gentag de ovenst\u00e5ende trin to gange om dagen (morgen og aften), indtil dit hvide\/gr\u00e5 h\u00e5r f\u00e5r sin naturlige farve tilbage eller n\u00e5r den \u00f8nskede farve (normalt tager det mellem 2 og 6 uger, afh\u00e6ngigt af hver persons mineralmangel).<\/span><\/li>\n<li><span style=\"color: #003366;\">Efter at dit h\u00e5r har opn\u00e5et den \u00f8nskede farve, skal du kun bruge produktet en gang om dagen, 3 dage om ugen, for at vedligeholde farven.<\/span><\/li>\n<li><span style=\"color: #003366;\">Hvis gr\u00e5 h\u00e5r vender tilbage, \u00f8g hyppigheden af produktbrugen.<\/span><\/li>\n<li><span style=\"color: #003366;\">Hvis du har brugt produktet i mere end 6 uger, og dit h\u00e5r ikke har f\u00e5et sin naturlige farve tilbage, skal du kontakte os for at fastsl\u00e5 \u00e5rsagen.<\/span><\/li>\n<\/ul>\n<h4><span style=\"color: #003366;\">BRUG FOR H\u00c5RTAB, SK\u00c6L OG ANDRE UOMTALEDE PROBLEMER I BRUGSANVISNINGEN:<\/span><\/h4>\n<ul>\n<li><span style=\"color: #003366;\">Brug to gange om dagen i mindst 15 dage.<\/span><\/li>\n<li><span style=\"color: #003366;\">Efter disse 15 dage, brug en gang om dagen, tre gange om ugen i 30 dage.<\/span><\/li>\n<li><span style=\"color: #003366;\">Efter disse 30 dage brug 2-3 gange om ugen til vedligeholdelse.<\/span><\/li>\n<\/ul>\n<h4><span style=\"color: #003366;\">BRUG TIL H\u00c5RGENV\u00c6KST:<\/span><\/h4>\n<ul>\n<li><span style=\"color: #003366;\">Brug to gange om dagen i 30 dage.<\/span><\/li>\n<li><span style=\"color: #003366;\">Efter 30 dage brug en gang om dagen i yderligere 30 dage.<\/span><\/li>\n<li><span style=\"color: #003366;\">Derefter brug 3 gange om ugen p\u00e5 forskellige dage i 6 m\u00e5neder.<\/span><\/li>\n<li><span style=\"color: #003366;\">Forts\u00e6t med at bruge lejlighedsvis, 1-3 gange om ugen, for at forhindre fremtidigt h\u00e5rtab.<\/span><\/li>\n<\/ul>\n<h3><span style=\"color: #003366;\">ADVARSLER OG ANBEFALINGER<\/span><\/h3>\n<ul>\n<li><span style=\"color: #003366;\">BRUG IKKE SPARLIGT! Brug af for lidt produkt kan reducere eller annullere virkningerne. Det er vigtigt, at hovedbunden og h\u00e5ret bliver meget v\u00e5dt for at absorbere produktet ordentligt.<\/span><\/li>\n<li><span style=\"color: #003366;\">Brug kun produktet p\u00e5 t\u00f8rt h\u00e5r. Brug ikke p\u00e5 v\u00e5dt h\u00e5r, da det fortynder produktet og reducerer dets virkning.<\/span><\/li>\n<li><span style=\"color: #003366;\">Vi anbefaler at bruge \u201cShampoo Hair Elixir\u201d i stedet for din almindelige shampoo.<\/span><\/li>\n<li><span style=\"color: #003366;\">Brug ikke billige eller dybderensende shampoos! Alle shampooer, der lover hurtig reng\u00f8ring, fjerner mineraler fra h\u00e5r og hovedbund, hvilket mindsker behandlingens virkning.<\/span><\/li>\n<li><span style=\"color: #003366;\">Billige sk\u00e6l- og anti-h\u00e5rtab-shampooer fjerner alle n\u00e6ringsstoffer fra hovedbunden og reducerer behandlingens virkning.<\/span><\/li>\n<li><span style=\"color: #003366;\"><strong>Hvis produktet spildes p\u00e5 huden<\/strong> (is\u00e6r p\u00e5 panden og nakken ), t\u00f8r omr\u00e5det grundigt med en fugtig klud eller brug micellar vand.<\/span><\/li>\n<li><span style=\"color: #003366;\"><strong>FORSIGTIG<\/strong>! Under huden er der h\u00e5rs\u00e6kke, der indeholder keratin! Keratin, n\u00e5r det kommer i kontakt med Lozione, f\u00e5r disse h\u00e5rfollikler til at farve, normalt bliver de sorte.<\/span><\/li>\n<li><span style=\"color: #003366;\">Hvis produktet er spildt p\u00e5 huden, og du ikke har renset omr\u00e5det ordentligt, er der stor sandsynlighed for, at der efter nogle dage vil fremkomme sorte pletter.<\/span><\/li>\n<li><span style=\"color: #003366;\"><strong>BRUG HANDSKER<\/strong> eller vask dine h\u00e6nder grundigt med s\u00e6be efter brug! Negle er lavet af keratin, og i kontakt med Lozione vil de farve. For at undg\u00e5 at m\u00f8rkne dine negle skal du vaske dine h\u00e6nder grundigt med s\u00e6be efter brug.<\/span><\/li>\n<li><span style=\"color: #003366;\"><strong>FORSIGTIG<\/strong>! Det tager 6-8 timer, f\u00f8r neglene begynder at blive sorte, s\u00e5 stol ikke p\u00e5 at skylle dine h\u00e6nder og tro, at produktet er blevet renset. Hvis du ikke bruger s\u00e6be til at vaske dine negle, vil Lozione blive absorberet af dine negle, og efter flere timer vil dine negle begynde at blive farvet.<\/span><\/li>\n<li><span style=\"color: #003366;\">Hvis du ikke fulgte dette r\u00e5d, og dine negle er farvede, skal du bruge alkohol eller micellar vand til reng\u00f8ring, 3-4 gange om dagen, for at fremskynde negledefarvning. Minimumstiden for defarvning er normalt 3 dage.<\/span><\/li>\n<li><span style=\"color: #003366;\"><strong>UNDG\u00c5 AT FARVE DIT H\u00c5R!<\/strong> H\u00e5rfarver, der indeholder oxidanter, p\u00e5virker hovedbund og h\u00e5r kraftigt og reducerer behandlingens virkning betydeligt.<\/span><\/li>\n<li><span style=\"color: #003366;\">Lozione styrker h\u00e5ret og lukker sk\u00e6llaget meget godt. Af denne grund vil farven ikke tage s\u00e5 godt som p\u00e5 beskadiget h\u00e5r.<\/span><\/li>\n<li><span style=\"color: #003366;\">Vi anbefaler en pause p\u00e5 mindst 2-3 uger, f\u00f8r du bruger h\u00e5rfarve.<\/span><\/li>\n<\/ul>\n<h3><span style=\"color: #003366;\">KUNDES SIKKERHED<\/span><\/h3>\n<p><span style=\"color: #003366;\">Dette produkt er fremstillet i Italien, dermatologisk testet og godkendt i overensstemmelse med den europ\u00e6iske direktiv \u201c93\/35\/EF,\u201d \u00e6ndring \u201c6\/768\/EF,\u201d i Den Europ\u00e6iske Union med P.I.F: N\u00b01206\/101, i overensstemmelse med reglerne i Europa-Parlamentet \u201cCE 1223\/2009.\u201d<\/span><\/p>\n<h3><span style=\"color: #003366;\">GARANTI<\/span><\/h3>\n<p><span style=\"color: #003366;\">Hvis du ikke er tilfreds med de resultater, der er opn\u00e5et i de f\u00f8rste 21 dage af brug, vil vi refundere dine penge. L\u00e6s mere i <strong><a style=\"color: #003366;\" href=\"https:\/\/serenicapelli.com\/return-policy\/\">RETURN POLICY<\/a><\/strong>-afsnittet.<\/span><\/div>\n<\/div>\n<\/div>\n<\/div>\n<\/div>\n","protected":false},"excerpt":{"rendered":"<p>PRIS TILBUD Effekter og fordele Gendanner gr\u00e5\/hvidt h\u00e5r til sin naturlige farve. Hj\u00e6lper h\u00e5ret med at vokse i sin naturlige farve, s\u00e5 der ikke l\u00e6ngere vokser gr\u00e5\/hvidt h\u00e5r ud. For damer kan det skabe en naturlig balayage. Behandler og stopper h\u00e5rtab. Behandler og forebygger alopeci. Regenererer h\u00e5r. Fortykker h\u00e5rs\u00e6kke. Assisterer med h\u00e5rfortykning. Behandler og forebygger [&hellip;]<\/p>\n","protected":false},"featured_media":2030001,"template":"","meta":[],"product_brand":[],"product_cat":[338,339],"product_tag":[],"class_list":{"0":"post-2030025","1":"product","2":"type-product","3":"status-publish","4":"has-post-thumbnail","6":"product_cat-hair-elixir-da","7":"product_cat-lozione-da","9":"first","10":"instock","11":"sale","12":"taxable","13":"shipping-taxable","14":"purchasable","15":"product-type-simple"},"_links":{"self":[{"href":"https:\/\/serenicapelli.com\/da\/wp-json\/wp\/v2\/product\/2030025","targetHints":{"allow":["GET"]}}],"collection":[{"href":"https:\/\/serenicapelli.com\/da\/wp-json\/wp\/v2\/product"}],"about":[{"href":"https:\/\/serenicapelli.com\/da\/wp-json\/wp\/v2\/types\/product"}],"version-history":[{"count":4,"href":"https:\/\/serenicapelli.com\/da\/wp-json\/wp\/v2\/product\/2030025\/revisions"}],"predecessor-version":[{"id":2032525,"href":"https:\/\/serenicapelli.com\/da\/wp-json\/wp\/v2\/product\/2030025\/revisions\/2032525"}],"wp:featuredmedia":[{"embeddable":true,"href":"https:\/\/serenicapelli.com\/da\/wp-json\/wp\/v2\/media\/2030001"}],"wp:attachment":[{"href":"https:\/\/serenicapelli.com\/da\/wp-json\/wp\/v2\/media?parent=2030025"}],"wp:term":[{"taxonomy":"product_brand","embeddable":true,"href":"https:\/\/serenicapelli.com\/da\/wp-json\/wp\/v2\/product_brand?post=2030025"},{"taxonomy":"product_cat","embeddable":true,"href":"https:\/\/serenicapelli.com\/da\/wp-json\/wp\/v2\/product_cat?post=2030025"},{"taxonomy":"product_tag","embeddable":true,"href":"https:\/\/serenicapelli.com\/da\/wp-json\/wp\/v2\/product_tag?post=2030025"}],"curies":[{"name":"wp","href":"https:\/\/api.w.org\/{rel}","templated":true}]}}