{"id":728091,"date":"2021-09-22T07:20:57","date_gmt":"2021-09-22T05:20:57","guid":{"rendered":"https:\/\/serenicapelli.com\/returpolitik\/"},"modified":"2023-04-01T18:35:48","modified_gmt":"2023-04-01T16:35:48","slug":"returpolitik","status":"publish","type":"page","link":"https:\/\/serenicapelli.com\/da\/returpolitik\/","title":{"rendered":"Returpolitik"},"content":{"rendered":"<p>Du har i henhold til loven ret til at fortryde en aftale, der er indg\u00e5et p\u00e5 internettet eller pr. telefon, uden at angive nogen grund, inden for 14 dage efter levering af produkterne.<\/p>\n<p><!-- \/wp:post-content --><\/p>\n<p><!-- wp:paragraph --><\/p>\n<p>I vores virksomhed har alle k\u00f8bere ret til at fortryde k\u00f8bsaftalen uden nogen grund inden for 14 dage efter levering af produkterne. Reglen g\u00e6lder ogs\u00e5 for k\u00f8b foretaget i vores partneres fysiske butikker eller partnerplatforme.<\/p>\n<p><!-- \/wp:paragraph --><\/p>\n<p><!-- wp:paragraph --><\/p>\n<p>  For at ud\u00f8ve denne ret skal du give os besked om din beslutning om at fortryde k\u00f8bsaftalen inden for den ovenfor n\u00e6vnte tidsfrist. Du kan kontakte os p\u00e5 <a href=\"mailto:contact@serenicapelli.com\">contact@serenicapelli.com<\/a>  <\/p>\n<p><!-- \/wp:paragraph --><\/p>\n<p><!-- wp:paragraph --><\/p>\n<p>  Hvis du tr\u00e6kker dig tilbage fra aftalen, refunderer vi k\u00f8bsomkostningerne for ubrugte produkter. Hvis du fortryder inden for 14 dage efter levering, afholdes <strong>returomkostningerne <\/strong>af vores virksomhed.<\/p>\n<p><!-- \/wp:paragraph --><\/p>\n<p><!-- wp:paragraph --><\/p>\n<p>De tilbagebetalte bel\u00f8b vil blive overf\u00f8rt til din bankkonto inden for 5 dage efter returnering af produkterne.<\/p>\n<p><!-- \/wp:paragraph --><\/p>\n<p><!-- wp:list {\"ordered\":true} --><\/p>\n<ol>\n<li>Det er n\u00f8dvendigt at sende produkterne straks, senest 5 dage fra fortrydelsesdatoen.<\/li>\n<li>Bem\u00e6rk venligst, at du vil blive holdt ansvarlig for enhver form for v\u00e6rdiforringelse af produkterne som f\u00f8lge af, at du h\u00e5ndterer dem p\u00e5 anden m\u00e5de end n\u00f8dvendigt for at g\u00f8re dig bekendt med produktets art, egenskaber og funktionalitet (f.eks. hvis du bruger et produkt, selv om du allerede har pr\u00f8vet det). Bem\u00e6rk ogs\u00e5, at du ikke har ret til at fortryde aftalen, hvis der er tale om produkter, der er fremstillet efter dine \u00f8nsker eller specialfremstillede produkter (f.eks. specialgraveret emballage), samt hvis der er tale om \u00e5bnede og brugte produkter, som ikke kan  <strong>returnere  <\/strong>af hygiejniske \u00e5rsager (f.eks. hvis produktet er blevet \u00e5bnet, og du har brugt noget af det kosmetiske pr\u00e6parat, der kommer i direkte kontakt med huden).<\/li>\n<\/ol>\n","protected":false},"excerpt":{"rendered":"<p>Du har i henhold til loven ret til at fortryde en aftale, der er indg\u00e5et p\u00e5 internettet eller pr. telefon, uden at angive nogen grund, inden for 14 dage efter levering af produkterne. I vores virksomhed har alle k\u00f8bere ret til at fortryde k\u00f8bsaftalen uden nogen grund inden for 14 dage efter levering af produkterne. [&hellip;]<\/p>\n","protected":false},"author":1,"featured_media":0,"parent":0,"menu_order":0,"comment_status":"closed","ping_status":"closed","template":"","meta":{"footnotes":""},"class_list":["post-728091","page","type-page","status-publish","hentry"],"_links":{"self":[{"href":"https:\/\/serenicapelli.com\/da\/wp-json\/wp\/v2\/pages\/728091","targetHints":{"allow":["GET"]}}],"collection":[{"href":"https:\/\/serenicapelli.com\/da\/wp-json\/wp\/v2\/pages"}],"about":[{"href":"https:\/\/serenicapelli.com\/da\/wp-json\/wp\/v2\/types\/page"}],"author":[{"embeddable":true,"href":"https:\/\/serenicapelli.com\/da\/wp-json\/wp\/v2\/users\/1"}],"replies":[{"embeddable":true,"href":"https:\/\/serenicapelli.com\/da\/wp-json\/wp\/v2\/comments?post=728091"}],"version-history":[{"count":0,"href":"https:\/\/serenicapelli.com\/da\/wp-json\/wp\/v2\/pages\/728091\/revisions"}],"wp:attachment":[{"href":"https:\/\/serenicapelli.com\/da\/wp-json\/wp\/v2\/media?parent=728091"}],"curies":[{"name":"wp","href":"https:\/\/api.w.org\/{rel}","templated":true}]}}