{"id":728056,"date":"2022-08-15T10:39:10","date_gmt":"2022-08-15T08:39:10","guid":{"rendered":"https:\/\/serenicapelli.com\/politik-om-beskyttelse-af-personlige-oplysninger\/"},"modified":"2022-08-15T10:39:10","modified_gmt":"2022-08-15T08:39:10","slug":"politik-om-beskyttelse-af-personlige-oplysninger","status":"publish","type":"page","link":"https:\/\/serenicapelli.com\/da\/politik-om-beskyttelse-af-personlige-oplysninger\/","title":{"rendered":"Politik om beskyttelse af personlige oplysninger"},"content":{"rendered":"<p><strong>Politik om beskyttelse af personlige oplysninger<\/strong><\/p>\n<p>Sereni Capelli, operat\u00f8ren af webshoppen www.serenicapelli.com, erkl\u00e6rer, at alle personlige oplysninger (i det f\u00f8lgende ben\u00e6vnt &#8220;data&#8221;) betragtes som strengt fortrolige og behandles i overensstemmelse med g\u00e6ldende lovgivning om beskyttelse af personlige oplysninger.<\/p>\n<p>Sikkerheden af dine personlige oplysninger er en prioritet for os. Derfor er vi meget opm\u00e6rksomme p\u00e5 personlige data og beskyttelsen af dem. I disse principper for behandling af personoplysninger (&#8220;Principper&#8221;) \u00f8nsker vi at informere dig om, hvilke personoplysninger vi indsamler om dig, og hvordan vi bruger dem fremover.<\/p>\n<ol>\n<li><strong>Personoplysninger og behandling af dem<\/strong><\/li>\n<\/ol>\n<p><strong>1.1. Kategorier af personoplysninger<\/strong><\/p>\n<p>Vi indsamler en r\u00e6kke forskellige oplysninger, afh\u00e6ngigt af hvilke af vores tjenester du v\u00e6lger at bruge.<\/p>\n<p>Hvis du k\u00f8ber fra os, indsamler vi:<\/p>\n<ul>\n<li>Navn og kontaktoplysninger. Fuldt navn, e-mail-adresse, postadresse, faktureringsadresse, telefonnummer og bankfaktureringsoplysninger, betalingsoplysninger.<\/li>\n<li>Demografiske oplysninger. Oplysninger om k\u00f8n, f\u00f8dselsdato, land og foretrukket sprog.<\/li>\n<li>Data, der fremkommer i l\u00f8bet af kontraktens l\u00f8betid &#8211; k\u00f8bte produkter, kundesegment, omfang af leverede tjenesteydelser<\/li>\n<\/ul>\n<p><strong>1.2. Form\u00e5let med behandlingen af personoplysninger:<\/strong><\/p>\n<ul>\n<li><strong>Tilvejebringelse og forbedring af tjenester<\/strong>. For at kunne levere og forbedre vores tjenester til din tilfredshed behandler vi dine personlige oplysninger. Dette omfatter specifikt:\n<ul>\n<li><strong>Behandling af ordrer p\u00e5 produkter eller tjenester<\/strong>, der bestilles enten via vores websted eller vores hotline. Her er den juridiske begrundelse, at oplysningerne er uundv\u00e6rlige for gennemf\u00f8relsen af k\u00f8bsaftalen, og at visse oplysninger er uundv\u00e6rlige for opfyldelsen af juridiske forpligtelser (f.eks. regnskabsdokumenter).<\/li>\n<li><strong>Meddelelse om, at produktet er tilg\u00e6ngeligt<\/strong>. Hvis du anmoder om at overv\u00e5ge tilg\u00e6ngeligheden af en vare, behandler vi dine oplysninger. personoplysninger p\u00e5 grundlag af dit samtykke.<\/li>\n<li><strong>Kundeservice. For at kunne yde kundeservice og fjerne eventuelle problemer i  <\/strong>gennemf\u00f8relse af salgskontrakten behandler vi personoplysninger p\u00e5 grundlag af behovet for at overholde disse kontrakter.<\/li>\n<li><strong>Kommunikation<\/strong>. Vi bruger de indsamlede data til at kommunikere med dig p\u00e5 en personlig m\u00e5de. Vi kan f.eks. kontakte dig pr. telefon, e-mail eller p\u00e5 anden vis for at minde dig om, at du har produkter i din online indk\u00f8bskurv, for at hj\u00e6lpe dig med at gennemf\u00f8re din ordre, for at kommunikere den aktuelle status for din ans\u00f8gning, ordre eller klage, for at indhente yderligere oplysninger, hvis det er relevant, eller for at underrette dig om, at du skal tr\u00e6ffe foranstaltninger for at holde din konto aktiv. Hvis du k\u00f8ber fra os som medlem, behandler vi disse data p\u00e5 grund af en legitim interesse, som udspringer af Sc SereniCapelli Srl&#8217;s legitime interesse som beskrevet ovenfor.<\/li>\n<li><strong>Forbedring af tjenesterne<\/strong>. Vi bruger data til l\u00f8bende at forbedre vores tjenester og systemer, herunder tilf\u00f8jelse af nye funktioner, samt til at tr\u00e6ffe informerede beslutninger ved hj\u00e6lp af totalanalyse og business intelligence, alt sammen baseret p\u00e5 vores legitime interesse, der er afledt af erhvervsfriheden og behovet for at forbedre de tjenester, vi leverer, for at forblive konkurrencedygtige. For at sikre en passende beskyttelse af dine rettigheder og interesser vil vi bruge personoplysninger s\u00e5 anonymiseret som muligt for at forbedre vores tjenester.<\/li>\n<\/ul>\n<\/li>\n<li><strong>Beskyttelse, sikkerhed og bil\u00e6ggelse af tvister<\/strong>. Vi kan ogs\u00e5 behandle data ud fra en legitim interesse, som er at sikre beskyttelse og sikkerhed for vores systemer og kunder, forebyggelse og afsl\u00f8ring af svig, tvistbil\u00e6ggelse og gennemf\u00f8relse af vores aftaler, baseret p\u00e5 den legitime interesse.<\/li>\n<li><strong>Markedsf\u00f8ringstilbud<\/strong>.\n<ul>\n<li>Kommerciel kommunikation\n<ul>\n<li>Vi sender dig kommerciel kommunikation om produkter, der ligner dem, du har k\u00f8bt.<\/li>\n<li>Du har altid mulighed for at afvise denne kommercielle kommunikation ved at bruge e-mailen <u><br \/>\n  <a href=\"mailto:contact@serenicapelli.com\">contact@serenicapelli.com<\/a><br \/>\n<\/u> til at afmelde dig.<\/li>\n<li>Hvis du afmelder dig fra kommercielle meddelelser, vil vi ikke l\u00e6ngere bruge dine oplysninger. elektronisk kontakt til disse form\u00e5l. Vi genoptager kun brugen af dem, hvis du tilmelder dig eller specifikt anmoder om dem.<\/li>\n<\/ul>\n<\/li>\n<li>De markedsf\u00f8ringstilbud, der vises, kan udv\u00e6lges p\u00e5 grundlag af andre oplysninger, der er indsamlet om dig. over tid, fra kontaktoplysninger, demografiske oplysninger, foretrukne produkter og data om brugen af vores produkter og websted (cookies, IP-adresse, oplysninger fra din browser, klik, viste reklamebudskaber, bes\u00f8gte produkter). Behandlingen er ikke fuldt automatiseret, da det ville have juridiske konsekvenser for dig.<\/li>\n<li>Hvis du ikke er vores kunde, behandler vi data p\u00e5 grundlag af dit samtykke.<\/li>\n<li>Du har til enhver tid og gratis ret til at g\u00f8re indsigelse mod en s\u00e5dan behandling. Kontaktoplysninger findes i slutningen af dette dokument.<\/li>\n<\/ul>\n<\/li>\n<li>Behandling af <strong>cookies p\u00e5 websider <\/strong>, der drives af SC Sereni Capelli SRL\n<ul>\n<li>Hvis du aktiverer cookies i din browser, behandler vi adf\u00e6rdsregistreringer fra cookies, der er placeret p\u00e5 den webside, der drives af Sereni Capelli, med henblik p\u00e5 at give bedre funktionalitet p\u00e5 websiden serenicapelli.com samt p\u00e5 partnerwebsteder og med henblik p\u00e5 Sereni Capellis internetreklamer.<\/li>\n<\/ul>\n<\/li>\n<\/ul>\n<p><strong>1.3. Overf\u00f8rsel af personoplysninger til tredjeparter<\/strong><\/p>\n<p>Dine oplysninger Personoplysninger videregives kun til tredjeparter eller formidles p\u00e5 anden vis, hvis det er n\u00f8dvendigt for opfyldelsen af salgskontrakten, hvis det er baseret p\u00e5 en legitim interesse, eller hvis du har givet dit forudg\u00e5ende samtykke.<\/p>\n<ul>\n<li>a) datterselskaber og behandlingsvirksomheder til opfyldelse af salgskontrakten med henblik p\u00e5 at gennemf\u00f8re interne processer og praksis<\/li>\n<li>b) kreditkortselskaber, udbydere af betalingstjenester til betalingsbehandling og banker, baseret p\u00e5 din ordre, for at gennemf\u00f8re salgskontrakten<\/li>\n<li>c) transportvirksomheder med henblik p\u00e5 levering af produkter eller tjenester, som du har bestilt. og klagebehandling, herunder opsigelse af kontrakter<\/li>\n<li>d) vores partnere i de loyalitetsprogrammer, du v\u00e6lger at deltage i<\/li>\n<li>e) andre tjenesteudbydere, tredjeparter, der er involveret i databehandlingen;<\/li>\n<li>f) til tredjeparter, f.eks. anklagere og domstole, med henblik p\u00e5 inddrivelse eller indg\u00e5else af en kontrakt med dig;<\/li>\n<li>g) offentlige myndigheder (f.eks. politiet)<\/li>\n<li>h) tredjeparter, der gennemf\u00f8rer kundeunders\u00f8gelser<\/li>\n<\/ul>\n<p>Hvis en tredjepart anvender oplysningerne i forbindelse med sin legitime interesse, p\u00e5tager administratoren sig ikke dette ansvar. Denne proces er underlagt principperne for behandling af personoplysninger om virksomheder og relevante enkeltpersoner.<\/p>\n<ol>\n<li><strong>Sikkerhed af personoplysninger og opbevaringstid<\/strong><\/li>\n<\/ol>\n<p><strong>2.1. Sikkerhed af personoplysninger<\/strong><\/p>\n<ul>\n<li>a) Dine data overf\u00f8res i krypteret form. Vi anvender SSL-kryptering (Secure Socket Layer). Vi sikrer vores websted og andre systemer ved hj\u00e6lp af tekniske og organisatoriske foranstaltninger mod tab eller \u00f8del\u00e6ggelse af dine data, mod uvedkommende personers adgang, modifikation eller spredning.<\/li>\n<li>b) Vi kr\u00e6ver, at databehandlere, som vi samarbejder med, skal bevise, at deres systemer er i overensstemmelse med GDPR-forordningen.<\/li>\n<li>c) Adgang til din konto. af kunden er kun muligt efter indtastning af din personlige adgangskode. I denne forbindelse vil vi gerne minde dig om, at det er absolut n\u00f8dvendigt, at du ikke videregiver dine adgangsoplysninger til tredjeparter, og at du efter afslutningen af din session ikke b\u00f8r videregive dine adgangsoplysninger til tredjeparter. p\u00e5 din klientkonto, skal du altid lukke browservinduet, is\u00e6r hvis du deler din computer med andre brugere. SC SERENICAPELLI SRL er ikke ansvarlig for misbrug af adgangskoder, medmindre situationen er direkte for\u00e5rsaget af vores websted.<\/li>\n<\/ul>\n<p><strong>3.1. Behandlingstid<\/strong><\/p>\n<p>Vi behandler og opbevarer personoplysninger<\/p>\n<ul>\n<li>i en periode, der er absolut n\u00f8dvendig for at sikre alle rettigheder og forpligtelser, der f\u00f8lger af k\u00f8bsaftalen<\/li>\n<li>i 1 \u00e5r efter garantiperiodens udl\u00f8b for at l\u00f8se eventuelle tvister<\/li>\n<li>s\u00e5 l\u00e6nge SC SERENICAPELLI SRL, som administrator, er forpligtet til at opbevare oplysningerne i overensstemmelse med de generelle retsregler. Regnskabsdokumenter, f.eks. fakturaer udstedt af SC SERENICAPELLI SRL, arkiveres i overensstemmelse med loven i en periode p\u00e5 10 \u00e5r fra deres udstedelse.<\/li>\n<li>Aftalen om anmeldelse af varers tilg\u00e6ngelighed forbliver i kraft i den periode, hvor de fremsendte oplysninger er tilg\u00e6ngelige, dog h\u00f8jst et \u00e5r eller indtil den tilbagekaldes.<\/li>\n<li>Aftalen om markedsf\u00f8ringstilbud er gyldig i 4 \u00e5r eller indtil den tilbagekaldes<\/li>\n<li>Gennemgang 6 \u00e5r<\/li>\n<li>Hj\u00e6lp til de 10-\u00e5rige<\/li>\n<li>Kommunikation 2 \u00e5r<\/li>\n<li>Konkurrencer 1 \u00e5r<\/li>\n<\/ul>\n<p>I andre tilf\u00e6lde f\u00f8lger behandlingstiden af form\u00e5let med behandlingen eller er dikteret af bestemmelserne om beskyttelse af personoplysninger.<\/p>\n<ol>\n<li><strong>De registreredes rettigheder<\/strong><\/li>\n<\/ol>\n<ul>\n<li>a) Hvis vi behandler dine oplysninger. personoplysninger, kan du gratis anmode om oplysninger om behandlingen af dine personoplysninger.<\/li>\n<li>b) Hvis du mener, at behandlingen af dine personoplysninger ikke er i overensstemmelse med din databeskyttelse. Hvis dine personoplysninger behandles i strid med bestemmelserne om beskyttelse af personoplysninger, kan du bede om en forklaring, anmode om at f\u00e5 fjernet den opst\u00e5ede situation og frem for alt anmode om at f\u00e5 rettet, suppleret, slettet eller blokeret personoplysningerne.<\/li>\n<li>c) Hvis du \u00f8nsker at ud\u00f8ve dine rettigheder, bedes du kontakte den databeskyttelsesansvarlige p\u00e5 <u><a href=\"mailto:contact@serenicapelli.com\">contact@serenicapelli.com;<\/a> dpo@serenicapelli.com<\/u>. Du kan ogs\u00e5 kontakte den nationale tilsynsmyndighed for behandling af personoplysninger.<\/li>\n<li>d) Din aftale om behandling af personoplysninger kan til enhver tid tilbagekaldes. Hvis du tr\u00e6kker dit samtykke til behandling af dine personoplysninger tilbage, vil de blive slettet eller anonymiseret; disse foranstaltninger p\u00e5virker dog ikke de personoplysninger, der er n\u00f8dvendige for, at SC SERENICAPELLI SRL kan opfylde sine juridiske forpligtelser (f.eks. udf\u00f8relse af allerede afgivne ordrer) eller for at beskytte sine legitime interesser. Sletning af personoplysninger finder ogs\u00e5 sted, n\u00e5r de ikke er n\u00f8dvendige for det tilsigtede form\u00e5l, eller hvis opbevaring af dine oplysninger ikke er n\u00f8dvendig for det tilsigtede form\u00e5l. ikke kan afvises af andre grunde, der er fastsat i lovgivningen.<\/li>\n<\/ul>\n<p><strong>5.1. Cookie<\/strong><\/p>\n<p>Vores sider bruger s\u00e5kaldte cookies for at g\u00f8re vores tilbud relevant, interessant og behageligt for dig. Cookies er sm\u00e5 tekstfiler, der gemmes p\u00e5 din computer eller smartphone. eller p\u00e5 en anden enhed, og som bruges af din browser. Web. Vi bruger cookies til form\u00e5l som f.eks:<\/p>\n<ul>\n<li>korrekt funktionalitet i indk\u00f8bskurven, s\u00e5 ordren kan gennemf\u00f8res s\u00e5 nemt som muligt<\/li>\n<li>p\u00e5mindelse om loginoplysninger, s\u00e5 de ikke skal indtastes gentagne gange<\/li>\n<li>at tilpasse vores websider s\u00e5 meget som muligt til dine behov ved at overv\u00e5ge dine bes\u00f8g, dine bev\u00e6gelser p\u00e5 webstedet og de funktioner, du bruger<\/li>\n<li>overv\u00e5gning af de annoncer, du ser, s\u00e5 du ikke f\u00e5r vist annoncer for produkter, du ikke er interesseret i<\/li>\n<\/ul>\n<p>Nogle cookies kan indsamle oplysninger, som efterf\u00f8lgende bruges af tredjeparter, og som f.eks. direkte st\u00f8tter vores salgsfremmende aktiviteter (s\u00e5kaldte &#8220;tredjepartscookies&#8221;). For eksempel kan oplysninger om produkter, der er k\u00f8bt p\u00e5 vores websted, blive givet til et reklamebureau med henblik p\u00e5 at vise og tilpasse internetbannerannoncer, der vises p\u00e5 de websteder, du bes\u00f8ger. Bem\u00e6rk venligst, at det ikke er muligt at identificere dig. p\u00e5 grundlag af disse data.<\/p>\n<p><strong>5.2. Brug af cookies<\/strong><\/p>\n<p>De cookies, der anvendes p\u00e5 vores websted, kan inddeles i to kategorier. Kortvarige s\u00e5kaldte &#8220;session cookies&#8221; slettes, s\u00e5 snart du forlader vores websted. Langtidsholdbare s\u00e5kaldte &#8220;vedvarende cookies&#8221; forbliver gemt p\u00e5 din enhed. meget l\u00e6ngere tid, eller indtil du sletter dem manuelt (cookiernes varighed p\u00e5 din enhed afh\u00e6nger af deres indstilling og af dine browserindstillinger).<\/p>\n<p>Cookies kan ogs\u00e5 klassificeres efter funktionalitet:<\/p>\n<ul>\n<li>analyser, som hj\u00e6lper os med at forbedre brugeroplevelsen p\u00e5 vores websted, da vi forst\u00e5r, hvordan brugerne bruger det<\/li>\n<li>konverteringsm\u00e5linger, som giver os mulighed for at analysere de forskellige salgskanals resultater<\/li>\n<li>sporing, som sammen med konverteringssporing g\u00f8r det muligt at analysere de forskellige salgskanals resultater<\/li>\n<li>remarketing, der bruges til at tilpasse annonceindholdet og m\u00e5lrette annoncerne korrekt<\/li>\n<li>afg\u00f8rende, vigtig for webstedets grundl\u00e6ggende funktionalitet<\/li>\n<\/ul>\n<p><strong>5.3. Afvisning af cookie-filer<\/strong><\/p>\n<p>Indstilling af brugen af cookies er inkluderet i din browser. Internet. Som standard accepterer de fleste browsere automatisk cookies. Med din browser kan du afvise disse cookies eller begr\u00e6nse dem til visse typer, som du specifikt v\u00e6lger.<\/p>\n<p>Oplysninger om browsere og indstilling af cookiepr\u00e6ferencer kan findes p\u00e5 f\u00f8lgende websider eller i andre webbrowserfiler<\/p>\n<ul>\n<li><a href=\"https:\/\/support.google.com\/accounts\/answer\/61416?hl=ro&amp;co=GENIE.Platform%3DDesktop&amp;oco=1\">Krom<\/a><\/li>\n<li><a href=\"https:\/\/support.mozilla.org\/ro\/kb\/activarea-si-dezactivarea-cookie-urilor\">Firefox<\/a><\/li>\n<li><a href=\"https:\/\/support.microsoft.com\/ro-ro\/help\/17442\/windows-internet-explorer-delete-manage-cookies\">Internet Explorer<\/a><\/li>\n<li><a href=\"https:\/\/support.google.com\/accounts\/answer\/61416?hl=ro&amp;co=GENIE.Platform%3DAndroid&amp;oco=1\">Android<\/a><\/li>\n<\/ul>\n<p><strong> <\/strong><\/p>\n<p><strong>5.4. Links<\/strong><\/p>\n<p>Vores websted indeholder links til andre websteder, som er praktiske og indeholder nyttige oplysninger. Bem\u00e6rk venligst, at disse websteder kan v\u00e6re ejet og drevet af andre virksomheder og organisationer, som kan have andre sikkerheds- og privatlivspolitikker. Vores virksomhed har ingen kontrol over og p\u00e5tager sig intet ansvar for de oplysninger, materialer, produkter eller tjenester, der er indeholdt i eller tilg\u00e6ngelige via disse websider.<\/p>\n<ol>\n<li><strong>Kontakt os<\/strong><\/li>\n<\/ol>\n<p>Hvis du har sp\u00f8rgsm\u00e5l, kommentarer eller anmodninger vedr\u00f8rende disse principper, bedes du kontakte os p\u00e5 den adresse eller kundeservicelinje, der er anf\u00f8rt nederst i disse principper &#8211; eller via e-mail.<\/p>\n<p>Kontakt DPO: <u><br \/>\n  <a href=\"mailto:dpo@serenicapelli.com\">dpo@serenicapelli.com<\/a><br \/>\n<\/u>; contact@serenicapelli.com<\/p>\n<p>Sc Sereni Capelli Srl (Sereni Capelli)<\/p>\n<ol>\n<li><strong>Validitet<\/strong><\/li>\n<\/ol>\n<p>Disse privatlivsprincipper tr\u00e6der i kraft den 01.05.2018.<\/p>\n","protected":false},"excerpt":{"rendered":"<p>Politik om beskyttelse af personlige oplysninger Sereni Capelli, operat\u00f8ren af webshoppen www.serenicapelli.com, erkl\u00e6rer, at alle personlige oplysninger (i det f\u00f8lgende ben\u00e6vnt &#8220;data&#8221;) betragtes som strengt fortrolige og behandles i overensstemmelse med g\u00e6ldende lovgivning om beskyttelse af personlige oplysninger. Sikkerheden af dine personlige oplysninger er en prioritet for os. Derfor er vi meget opm\u00e6rksomme p\u00e5 personlige [&hellip;]<\/p>\n","protected":false},"author":1,"featured_media":0,"parent":0,"menu_order":0,"comment_status":"closed","ping_status":"closed","template":"","meta":{"footnotes":""},"class_list":["post-728056","page","type-page","status-publish","hentry"],"_links":{"self":[{"href":"https:\/\/serenicapelli.com\/da\/wp-json\/wp\/v2\/pages\/728056","targetHints":{"allow":["GET"]}}],"collection":[{"href":"https:\/\/serenicapelli.com\/da\/wp-json\/wp\/v2\/pages"}],"about":[{"href":"https:\/\/serenicapelli.com\/da\/wp-json\/wp\/v2\/types\/page"}],"author":[{"embeddable":true,"href":"https:\/\/serenicapelli.com\/da\/wp-json\/wp\/v2\/users\/1"}],"replies":[{"embeddable":true,"href":"https:\/\/serenicapelli.com\/da\/wp-json\/wp\/v2\/comments?post=728056"}],"version-history":[{"count":0,"href":"https:\/\/serenicapelli.com\/da\/wp-json\/wp\/v2\/pages\/728056\/revisions"}],"wp:attachment":[{"href":"https:\/\/serenicapelli.com\/da\/wp-json\/wp\/v2\/media?parent=728056"}],"curies":[{"name":"wp","href":"https:\/\/api.w.org\/{rel}","templated":true}]}}