{"id":728050,"date":"2023-02-06T19:24:05","date_gmt":"2023-02-06T17:24:05","guid":{"rendered":"https:\/\/serenicapelli.com\/spoergsmaal-og-svar\/"},"modified":"2023-04-01T18:35:11","modified_gmt":"2023-04-01T16:35:11","slug":"spoergsmaal-og-svar","status":"publish","type":"page","link":"https:\/\/serenicapelli.com\/da\/spoergsmaal-og-svar\/","title":{"rendered":"SP\u00d8RGSM\u00c5L OG SVAR"},"content":{"rendered":"\t\t<div data-elementor-type=\"wp-page\" data-elementor-id=\"728050\" class=\"elementor elementor-728050 elementor-727182\" data-elementor-post-type=\"page\">\n\t\t\t\t<div class=\"elementor-element elementor-element-bd2a907 e-flex e-con-boxed e-con e-parent\" data-id=\"bd2a907\" data-element_type=\"container\">\n\t\t\t\t\t<div class=\"e-con-inner\">\n\t\t\t\t<div class=\"elementor-element elementor-element-d6e6f30 elementor-widget elementor-widget-text-editor\" data-id=\"d6e6f30\" data-element_type=\"widget\" data-widget_type=\"text-editor.default\">\n\t\t\t\t<div class=\"elementor-widget-container\">\n\t\t\t\t\t\t\t\t\t<h3>Sp\u00f8rgsm\u00e5l og svar<\/h3>\n<p>P\u00e5 denne side kan du finde svar p\u00e5 de mest almindelige sp\u00f8rgsm\u00e5l, som vores kunder stiller.<\/p>\n<p>Disse oplysninger vil hj\u00e6lpe dig med at opn\u00e5 de bedste resultater, n\u00e5r du bruger Sereni Capelli-produkter.<\/p>\n<p><strong>Hvilken garanti har jeg for, at dette produkt virker?<\/strong><\/p>\n<p>Sereni Capelli-produkter er omfattet af 30 dages garanti fra modtagelsesdatoen. Hvis du ikke er tilfreds med de resultater, du har opn\u00e5et ved at bruge vores produkter i mindst 15 dage, kan du kontakte os ved hj\u00e6lp af oplysningerne p\u00e5 siden KONTAKT, og vi refunderer det fulde bel\u00f8b, inklusive forsendelsesomkostninger.<\/p>\n<p><strong>Kan jeg ogs\u00e5 bruge dette produkt til mit sk\u00e6g?<\/strong><\/p>\n<p>Ja, Sereni Capelli-produkterne kan ogs\u00e5 bruges til sk\u00e6g, men pas p\u00e5 ikke at sluge produktet for at undg\u00e5 ubehag. Det skal bem\u00e6rkes, at sk\u00e6gh\u00e5r er meget groft, og at du m\u00e5ske ikke f\u00e5r resultater s\u00e5 hurtigt som h\u00e5r i hovedbunden. Derfor bedes du s\u00e6nke dine forventninger lidt og v\u00e6re mere t\u00e5lmodig.<\/p>\n<p><strong>Kan jeg bruge dette produkt, hvis jeg er gravid? Hvad sker der, hvis jeg ammer?<\/strong><\/p>\n<p>Sereni Capelli-produkterne er fremstillet af sikre ingredienser, s\u00e5 de udg\u00f8r ingen risiko for barnets sundhed.<br \/>De er ogs\u00e5 velegnede til brug under amning.<\/p>\n<p><strong>Kan jeg bruge dette produkt, hvis jeg for nylig har f\u00e5et et h\u00e5rimplantat?<\/strong><\/p>\n<p>Hvis du for nylig har f\u00e5et foretaget en h\u00e5rimplantatoperation, anbefaler vi, at du venter mindst 6 m\u00e5neder, f\u00f8r du bruger Sereni Capelli-produkter.<\/p>\n<p>De indeholder alkohol, og det implanterede h\u00e5r har brug for tid til at udvikle og styrke sine r\u00f8dder.<\/p>\n<p>Men efter 6 m\u00e5neder efter implantation kan det endda anbefales at bruge vores produkter, da de hj\u00e6lper med at styrke h\u00e5ret og fjerne bakterier, der kan f\u00f8re til h\u00e5rtab.<\/p>\n<p><strong>Jeg er allergisk over for maling. Kan jeg bruge disse produkter?<\/strong><\/p>\n<p>Du kan bruge Sereni Capelli-produkter i stedet for farvestoffer uden risiko for at udl\u00f8se allergi.Sereni Capelli-produkterne indeholder hverken farvestofpigmenter eller oxidanter (PEROXID).<\/p>\n<p>Selv om de giver h\u00e5ret sin naturlige farve tilbage, har Sereni Capelli-produkterne intet til f\u00e6lles med h\u00e5rfarve.<\/p>\n<p><strong>Jeg har psoriasis (eller en anden hudsygdom), kan jeg bruge dette produkt?<\/strong><\/p>\n<p>Behandlingerne &#8220;Lozione&#8221; og &#8220;Crema &#8211; Forte&#8221; indeholder alkohol.<br \/>Da vi kender kompleksiteten af denne sygdom kaldet Psoriasis og andre hudsygdomme, anbefaler vi ikke brugen af behandlinger, selv om der ikke er opst\u00e5et bivirkninger i nogen af de tests, der er udf\u00f8rt af produktionsholdet.<\/p>\n<p>Intenso Gel&#8221; og &#8220;Shampoo&#8221; acceleratorer er endnu mere sikre at bruge end behandlinger, men brugen af disse produkter skal ogs\u00e5 behandles med stor forsigtighed.<\/p>\n<p><strong>Jeg er p\u00e5 medicin. Kan jeg bruge dette produkt?<\/strong><\/p>\n<p>Brugen af Sereni Capelli-produkter i forbindelse med andre behandlinger er ikke begr\u00e6nset, men du b\u00f8r v\u00e6re opm\u00e6rksom p\u00e5 f\u00f8lgende:<\/p>\n<ul>\n<li>Hvis du bruger overfladebehandlinger som f.eks. olier, salver, sprays osv., m\u00e5 du ikke bruge dem p\u00e5 den samme overflade som &#8220;Lozione&#8221;- eller &#8220;Crema-Forte&#8221;-behandlingerne, da disse behandlinger sandsynligvis vil oph\u00e6ve hinanden.<\/li>\n<li>Ovenn\u00e6vnte begr\u00e6nsninger g\u00e6lder ikke for &#8220;Shampoo&#8221; eller &#8220;Gel-Intenso&#8221;-acceleratorer.<\/li>\n<li>Der er ingen restriktioner for indtagelige l\u00e6gemidler.<\/li>\n<li>Bem\u00e6rk venligst, at nogle l\u00e6gemidler, s\u00e5som &#8220;Aspirin&#8221; og &#8220;Paracetamol&#8221;, vil mindske virkningen af Sereni Capelli-behandlinger med op til 40%.<\/li>\n<\/ul>\n<div> <\/div>\n<p><strong>Jeg er allergisk over for flere stoffer, kan jeg bruge dette produkt?<\/strong><\/p>\n<p>VI ANBEFALER IKKE BRUGEN AF SERENI CAPELLI-PRODUKTER TIL PERSONER MED FLERE ALLERGIER!<\/p>\n<p>Sereni Capelli-produkterne indeholder ingen ingredienser, der kan for\u00e5rsage allergi. Den indeholder dog alkohol og kan for\u00e5rsage hudirritation, som hos personer, der meget let bliver allergiske, kan blive til allergi.<\/p>\n<p>Personer med flere allergier eller som er meget let f\u00f8lsomme eller allergiske over for forskellige stoffer kan undertiden blive allergiske selv over for ikke-allergifremkaldende stoffer\/ingredienser. Af hensyn til din sikkerhed anbefaler vi derfor ikke, at du bruger disse produkter.<\/p>\n<p>Hvis du virkelig \u00f8nsker at bruge vores produkter, anbefaler vi dog, at du tester meget langsomt, f\u00f8r du bruger dem i henhold til instruktionerne.<\/p>\n<p><strong>HVORDAN ANBEFALER VI, AT DU FORTS\u00c6TTER?<\/strong><\/p>\n<ul>\n<li>F\u00f8rst og fremmest skal du s\u00f8rge for, at du har den n\u00f8dvendige medicin ved h\u00e5nden til at bek\u00e6mpe allergier, hvis de skulle opst\u00e5.<\/li>\n<li>Af hensyn til din sikkerhed skal du s\u00f8rge for, at der er en anden person p\u00e5 v\u00e6relset sammen med dig, som kan give dig f\u00f8rstehj\u00e6lp, hvis det er n\u00f8dvendigt, eller som kan transportere dig til hospitalet i tilf\u00e6lde af alvorlig allergi.<\/li>\n<li>Derefter rystes flasken godt, hvorefter du l\u00e6gger en meget lille m\u00e6ngde af produktet p\u00e5 din underarm og spreder det med fingerspidsen over et omr\u00e5de p\u00e5 3-4 cm.<\/li>\n<li>Vent et par timer, og hvis der ikke sker noget, gentages samme procedure p\u00e5 hovedbunden ved krydset med panden.<\/li>\n<li>Hvis der ikke er tegn p\u00e5 allergi, kan du p\u00e5f\u00f8re et st\u00f8rre omr\u00e5de og gentage processen mindst 4 gange med mindst 4 timers mellemrum.<\/li>\n<li>Hvis der ikke opst\u00e5r allergi, men der opst\u00e5r hudirritationer, skal du overveje, hvor st\u00e6rke og generende disse irritationer er, for at vurdere, om du \u00f8nsker at forts\u00e6tte behandlingen.<\/li>\n<li>Hudirritation kan forekomme hos nogle personer og er en normal proces, men den forsvinder efter ca. 15 anvendelser.<\/li>\n<li>Det er meget vigtigt at v\u00e6re opm\u00e6rksom p\u00e5 forskellen mellem hudirritation og allergi!<\/li>\n<\/ul>\n<div> <\/div>\n<p><strong>Jeg har ikke hvidt h\u00e5r! Kan jeg f\u00e5 de andre fordele?<\/strong><\/p>\n<p>Ja! Du kan bruge Sereni Capelli-produkterne, selv om du ikke har hvidt h\u00e5r, og nyde godt af alle de andre fordele.<br \/>Hvis du bruger Sereni Capelli-produkter, n\u00e5r du ikke har hvide h\u00e5r, forhindrer du, at de kommer til at dukke op.<\/p>\n<p><strong>Jeg bruger dette produkt, og min hovedbund kl\u00f8r. Hvorfor?<\/strong><\/p>\n<p>Hvis din hovedbund kl\u00f8r, n\u00e5r du bruger Sereni Capelli-behandlinger, betyder det, at hovedbunden enten indeholder mikrorevner, og at disse repareres, eller at du har en koloni af bakterier, og at disse vil blive fjernet.<\/p>\n<p>Efter ca. 2-3 uger med vores behandlinger vil kl\u00f8en forsvinde, og hovedbunden vil v\u00e6re fuldst\u00e6ndig helet.<\/p>\n<p><strong>N\u00e5r jeg bruger dette produkt, f\u00e5r mit h\u00e5r en d\u00e5rlig lugt. Hvorfor?<\/strong><\/p>\n<p>N\u00e5r du har fyldigt h\u00e5r, kan bakteriekolonier ophobes i hovedbunden og endda vandre over i h\u00e5ret.<br \/>Ved at bruge Sereni Capelli-produkterne angribes disse bakterier af stofferne i vores produkter og &#8220;k\u00e6mper imod&#8221;.<\/p>\n<p>Som f\u00f8lge af bek\u00e6mpelsen af disse bakterier opst\u00e5r der normalt en ubehagelig lugt, is\u00e6r kort tid efter p\u00e5f\u00f8ring af produktet.<\/p>\n<p>Det tager ca. 3 uger, f\u00f8r disse bakterier er fjernet, og lugten forsvinder.<\/p>\n<p>Efter disse 3 uger b\u00f8r lugten v\u00e6re n\u00e6sten helt forsvundet, hvilket er et tegn p\u00e5, at bakterierne er blevet fjernet.<\/p>\n<p>I s\u00e5danne tilf\u00e6lde anbefaler vi, at du forts\u00e6tter med at bruge produkterne i henhold til &#8220;behandlingsskemaet&#8221; i mindst 5 uger, f\u00f8r du skifter til &#8220;konsolideringsskemaet&#8221;.<\/p>\n<p><strong>Min hud er r\u00f8d og kl\u00f8r. Hvorfor?<\/strong><\/p>\n<p>Hvis din hud svier og bliver r\u00f8d, n\u00e5r du bruger Sereni Capelli-behandlinger, har du m\u00e5ske en f\u00f8lsom hud eller lider af en hudlidelse, som du ikke kender til.<br \/>Der er dog ogs\u00e5 en mulighed for, at huden i din hovedbund indeholder mikrorevner, der skal repareres.<\/p>\n<p>Vores anbefaling er f\u00f8rst at sikre sig, at der ud over den indledende svie og r\u00f8dme i hovedbunden ikke er andre virkninger p\u00e5 huden.<br \/>Hvis der ikke opst\u00e5r andre virkninger, og den r\u00f8de farve forsvinder inden for 2-3 timer, er dette en normal proces og b\u00f8r forsvinde efter ca. 15-20 anvendelser, da hovedbunden bliver mere modstandsdygtig.<\/p>\n<p><strong>Jeg bruger dette produkt, men jeg kan ikke se nogen effekt.<\/strong><\/p>\n<p>Chancen for at bruge Sereni Capelli-behandlinger korrekt, som anvist i 14 dage og ikke bem\u00e6rke nogen forbedring er mindre end 1 ud af 100.000.<\/p>\n<p>Mere end 99 % af de rapporterede ineffektiviteter blev fundet at skyldes uhensigtsm\u00e6ssig brug af behandlinger.<\/p>\n<p>For at sikre, at du har brugt behandlingen korrekt, skal du se p\u00e5 siden for hvert produkt, du bruger, hvor du finder den korrekte brugsanvisning.<\/p>\n<p>Hvis du har brugt produkterne korrekt, og du virkelig ikke f\u00e5r resultater, er du en af de sj\u00e6ldne personer, for hvem produktet bare ikke kan virke.<\/p>\n<p>Hvis du bem\u00e6rker virkninger, men det ikke er de \u00f8nskede virkninger, kan du komme i en eller flere af f\u00f8lgende situationer:<\/p>\n<ul>\n<li>Du har ikke overholdt produktets anvendelsestider.<\/li>\n<li>Du har ikke brugt nok produkt.<\/li>\n<li>Ryst ikke flasken godt nok f\u00f8r brug.<\/li>\n<li>Du har ikke brugt produktet i tilstr\u00e6kkelig lang tid (normalt er det n\u00f8dvendigt at bruge produktet i henhold til behandlingsskemaet i 4-6 uger uden afbrydelse).<\/li>\n<\/ul>\n\t\t\t\t\t\t\t\t<\/div>\n\t\t\t\t<\/div>\n\t\t\t\t\t<\/div>\n\t\t\t\t<\/div>\n\t\t\t\t<\/div>\n\t\t","protected":false},"excerpt":{"rendered":"<p>Sp\u00f8rgsm\u00e5l og svar P\u00e5 denne side kan du finde svar p\u00e5 de mest almindelige sp\u00f8rgsm\u00e5l, som vores kunder stiller. Disse oplysninger vil hj\u00e6lpe dig med at opn\u00e5 de bedste resultater, n\u00e5r du bruger Sereni Capelli-produkter. Hvilken garanti har jeg for, at dette produkt virker? Sereni Capelli-produkter er omfattet af 30 dages garanti fra modtagelsesdatoen. Hvis [&hellip;]<\/p>\n","protected":false},"author":1,"featured_media":0,"parent":0,"menu_order":0,"comment_status":"closed","ping_status":"closed","template":"","meta":{"footnotes":""},"class_list":["post-728050","page","type-page","status-publish","hentry"],"_links":{"self":[{"href":"https:\/\/serenicapelli.com\/da\/wp-json\/wp\/v2\/pages\/728050","targetHints":{"allow":["GET"]}}],"collection":[{"href":"https:\/\/serenicapelli.com\/da\/wp-json\/wp\/v2\/pages"}],"about":[{"href":"https:\/\/serenicapelli.com\/da\/wp-json\/wp\/v2\/types\/page"}],"author":[{"embeddable":true,"href":"https:\/\/serenicapelli.com\/da\/wp-json\/wp\/v2\/users\/1"}],"replies":[{"embeddable":true,"href":"https:\/\/serenicapelli.com\/da\/wp-json\/wp\/v2\/comments?post=728050"}],"version-history":[{"count":0,"href":"https:\/\/serenicapelli.com\/da\/wp-json\/wp\/v2\/pages\/728050\/revisions"}],"wp:attachment":[{"href":"https:\/\/serenicapelli.com\/da\/wp-json\/wp\/v2\/media?parent=728050"}],"curies":[{"name":"wp","href":"https:\/\/api.w.org\/{rel}","templated":true}]}}