{"id":728087,"date":"2021-09-22T07:20:57","date_gmt":"2021-09-22T05:20:57","guid":{"rendered":"https:\/\/serenicapelli.com\/pravidla-pro-vraceni-zbozi\/"},"modified":"2023-04-01T18:35:48","modified_gmt":"2023-04-01T16:35:48","slug":"pravidla-pro-vraceni-zbozi","status":"publish","type":"page","link":"https:\/\/serenicapelli.com\/cs\/pravidla-pro-vraceni-zbozi\/","title":{"rendered":"Pravidla pro vracen\u00ed zbo\u017e\u00ed"},"content":{"rendered":"<p>Ze z\u00e1kona m\u00e1te pr\u00e1vo odstoupit od smlouvy uzav\u0159en\u00e9 na internetu nebo telefonicky bez ud\u00e1n\u00ed d\u016fvodu do 14 dn\u016f od doru\u010den\u00ed v\u00fdrobk\u016f.<\/p>\n<p><!-- \/wp:post-content --><\/p>\n<p><!-- wp:paragraph --><\/p>\n<p>V na\u0161\u00ed spole\u010dnosti m\u00e1 ka\u017ed\u00fd kupuj\u00edc\u00ed pr\u00e1vo odstoupit od kupn\u00ed smlouvy bez ud\u00e1n\u00ed d\u016fvodu do 14 dn\u016f od doru\u010den\u00ed v\u00fdrobk\u016f. Toto pravidlo se vztahuje i na n\u00e1kupy v na\u0161ich partnersk\u00fdch kamenn\u00fdch obchodech nebo na partnersk\u00fdch platform\u00e1ch.<\/p>\n<p><!-- \/wp:paragraph --><\/p>\n<p><!-- wp:paragraph --><\/p>\n<p>  Abyste mohli toto pr\u00e1vo uplatnit, mus\u00edte n\u00e1m sv\u00e9 rozhodnut\u00ed odstoupit od kupn\u00ed smlouvy ozn\u00e1mit ve v\u00fd\u0161e uveden\u00e9 lh\u016ft\u011b. M\u016f\u017eete n\u00e1s kontaktovat na <a href=\"mailto:contact@serenicapelli.com\">adrese contact@serenicapelli.com<\/a>  <\/p>\n<p><!-- \/wp:paragraph --><\/p>\n<p><!-- wp:paragraph --><\/p>\n<p>  V p\u0159\u00edpad\u011b odstoupen\u00ed od smlouvy v\u00e1m vr\u00e1t\u00edme kupn\u00ed cenu nepou\u017eit\u00fdch produkt\u016f. Pokud odstoup\u00edte od smlouvy do 14 dn\u016f od doru\u010den\u00ed, n\u00e1klady na <strong>vr\u00e1cen\u00ed zbo\u017e\u00ed <\/strong>nese na\u0161e spole\u010dnost.<\/p>\n<p><!-- \/wp:paragraph --><\/p>\n<p><!-- wp:paragraph --><\/p>\n<p>Vr\u00e1cen\u00e9 \u010d\u00e1stky budou p\u0159evedeny na v\u00e1\u0161 bankovn\u00ed \u00fa\u010det do 5 dn\u016f po vr\u00e1cen\u00ed v\u00fdrobk\u016f.<\/p>\n<p><!-- \/wp:paragraph --><\/p>\n<p><!-- wp:list {\"ordered\":true} --><\/p>\n<ol>\n<li>V\u00fdrobky je nutn\u00e9 odeslat neprodlen\u011b, nejpozd\u011bji do 5 dn\u016f od data odstoupen\u00ed od smlouvy.<\/li>\n<li>Vezm\u011bte pros\u00edm na v\u011bdom\u00ed, \u017ee nesete odpov\u011bdnost za p\u0159\u00edpadn\u00e9 sn\u00ed\u017een\u00ed hodnoty v\u00fdrobk\u016f v d\u016fsledku zach\u00e1zen\u00ed s nimi jin\u00fdm zp\u016fsobem, ne\u017e je nezbytn\u00e9 k sezn\u00e1men\u00ed se s povahou, vlastnostmi a funk\u010dnost\u00ed v\u00fdrobku (nap\u0159. pokud v\u00fdrobek pou\u017e\u00edv\u00e1te, p\u0159esto\u017ee jste jej ji\u017e vyzkou\u0161eli). Vezm\u011bte pros\u00edm na v\u011bdom\u00ed, \u017ee nem\u00e1te pr\u00e1vo odstoupit od smlouvy v p\u0159\u00edpad\u011b v\u00fdrobk\u016f vyroben\u00fdch podle va\u0161ich po\u017eadavk\u016f nebo v\u00fdrobk\u016f na zak\u00e1zku (nap\u0159. obaly s vlastn\u00edm grav\u00edrov\u00e1n\u00edm), jako\u017e i v p\u0159\u00edpad\u011b otev\u0159en\u00fdch a pou\u017eit\u00fdch v\u00fdrobk\u016f, kter\u00e9 nelze  <strong>vr\u00e1tit  <\/strong>z hygienick\u00fdch d\u016fvod\u016f (nap\u0159. pokud byl v\u00fdrobek otev\u0159en a vy jste pou\u017eili \u010d\u00e1st kosmetick\u00e9ho p\u0159\u00edpravku, kter\u00fd p\u0159i\u0161el do p\u0159\u00edm\u00e9ho kontaktu s poko\u017ekou).<\/li>\n<\/ol>\n","protected":false},"excerpt":{"rendered":"<p>Ze z\u00e1kona m\u00e1te pr\u00e1vo odstoupit od smlouvy uzav\u0159en\u00e9 na internetu nebo telefonicky bez ud\u00e1n\u00ed d\u016fvodu do 14 dn\u016f od doru\u010den\u00ed v\u00fdrobk\u016f. V na\u0161\u00ed spole\u010dnosti m\u00e1 ka\u017ed\u00fd kupuj\u00edc\u00ed pr\u00e1vo odstoupit od kupn\u00ed smlouvy bez ud\u00e1n\u00ed d\u016fvodu do 14 dn\u016f od doru\u010den\u00ed v\u00fdrobk\u016f. Toto pravidlo se vztahuje i na n\u00e1kupy v na\u0161ich partnersk\u00fdch kamenn\u00fdch obchodech nebo na [&hellip;]<\/p>\n","protected":false},"author":1,"featured_media":0,"parent":0,"menu_order":0,"comment_status":"closed","ping_status":"closed","template":"","meta":{"footnotes":""},"class_list":["post-728087","page","type-page","status-publish","hentry"],"_links":{"self":[{"href":"https:\/\/serenicapelli.com\/cs\/wp-json\/wp\/v2\/pages\/728087","targetHints":{"allow":["GET"]}}],"collection":[{"href":"https:\/\/serenicapelli.com\/cs\/wp-json\/wp\/v2\/pages"}],"about":[{"href":"https:\/\/serenicapelli.com\/cs\/wp-json\/wp\/v2\/types\/page"}],"author":[{"embeddable":true,"href":"https:\/\/serenicapelli.com\/cs\/wp-json\/wp\/v2\/users\/1"}],"replies":[{"embeddable":true,"href":"https:\/\/serenicapelli.com\/cs\/wp-json\/wp\/v2\/comments?post=728087"}],"version-history":[{"count":0,"href":"https:\/\/serenicapelli.com\/cs\/wp-json\/wp\/v2\/pages\/728087\/revisions"}],"wp:attachment":[{"href":"https:\/\/serenicapelli.com\/cs\/wp-json\/wp\/v2\/media?parent=728087"}],"curies":[{"name":"wp","href":"https:\/\/api.w.org\/{rel}","templated":true}]}}