{"id":728048,"date":"2023-02-06T19:24:05","date_gmt":"2023-02-06T17:24:05","guid":{"rendered":"https:\/\/serenicapelli.com\/otazky-a-odpovedi\/"},"modified":"2023-04-01T18:34:49","modified_gmt":"2023-04-01T16:34:49","slug":"otazky-a-odpovedi","status":"publish","type":"page","link":"https:\/\/serenicapelli.com\/cs\/otazky-a-odpovedi\/","title":{"rendered":"OT\u00c1ZKY A ODPOV\u011aDI"},"content":{"rendered":"\t\t<div data-elementor-type=\"wp-page\" data-elementor-id=\"728048\" class=\"elementor elementor-728048 elementor-727182\" data-elementor-post-type=\"page\">\n\t\t\t\t<div class=\"elementor-element elementor-element-bd2a907 e-flex e-con-boxed e-con e-parent\" data-id=\"bd2a907\" data-element_type=\"container\" data-e-type=\"container\">\n\t\t\t\t\t<div class=\"e-con-inner\">\n\t\t\t\t<div class=\"elementor-element elementor-element-d6e6f30 elementor-widget elementor-widget-text-editor\" data-id=\"d6e6f30\" data-element_type=\"widget\" data-e-type=\"widget\" data-widget_type=\"text-editor.default\">\n\t\t\t\t<div class=\"elementor-widget-container\">\n\t\t\t\t\t\t\t\t\t<h3>Ot\u00e1zky a odpov\u011bdi<\/h3>\n<p>Na t\u00e9to str\u00e1nce najdete odpov\u011bdi na nej\u010dast\u011bj\u0161\u00ed ot\u00e1zky na\u0161ich z\u00e1kazn\u00edk\u016f.<\/p>\n<p>Tyto informace v\u00e1m pomohou dos\u00e1hnout nejlep\u0161\u00edch v\u00fdsledk\u016f p\u0159i pou\u017e\u00edv\u00e1n\u00ed produkt\u016f Sereni Capelli.<\/p>\n<p><strong>Jakou m\u00e1m z\u00e1ruku, \u017ee tento produkt funguje?<\/strong><\/p>\n<p>Na v\u00fdrobky Sereni Capelli se vztahuje 30denn\u00ed z\u00e1ruka od data p\u0159evzet\u00ed. Pokud nejste spokojeni s v\u00fdsledky dosa\u017een\u00fdmi pou\u017e\u00edv\u00e1n\u00edm na\u0161ich v\u00fdrobk\u016f po dobu nejm\u00e9n\u011b 15 dn\u016f, m\u016f\u017eete n\u00e1s kontaktovat pomoc\u00ed informac\u00ed na str\u00e1nce KONTAKT a my v\u00e1m vr\u00e1t\u00edme celou \u010d\u00e1stku v\u010detn\u011b n\u00e1klad\u016f na dopravu.<\/p>\n<p><strong>Mohu tento produkt pou\u017e\u00edvat i na vousy?<\/strong><\/p>\n<p>Ano, v\u00fdrobky Sereni Capelli lze pou\u017e\u00edt i na vousy, ale d\u00e1vejte pozor, abyste v\u00fdrobek nepolykali, abyste se vyhnuli nep\u0159\u00edjemn\u00fdm pocit\u016fm. Je t\u0159eba poznamenat, \u017ee vlasy na brad\u011b jsou velmi hrub\u00e9 a v\u00fdsledky nemus\u00ed b\u00fdt tak rychl\u00e9 jako u vlas\u016f na hlav\u011b. Z tohoto d\u016fvodu pros\u00edm trochu sni\u017ete sv\u00e1 o\u010dek\u00e1v\u00e1n\u00ed a bu\u010fte trp\u011bliv\u011bj\u0161\u00ed.<\/p>\n<p><strong>Mohu tento produkt pou\u017e\u00edvat, pokud jsem t\u011bhotn\u00e1? Co kdy\u017e budu kojit?<\/strong><\/p>\n<p>V\u00fdrobky Sereni Capelli jsou vyrobeny z bezpe\u010dn\u00fdch surovin, tak\u017ee nep\u0159edstavuj\u00ed \u017e\u00e1dn\u00e9 riziko pro zdrav\u00ed d\u00edt\u011bte.<br \/>Jsou vhodn\u00e9 i pro pou\u017eit\u00ed b\u011bhem kojen\u00ed.<\/p>\n<p><strong>Mohu tento produkt pou\u017e\u00edvat, pokud jsem ned\u00e1vno podstoupil\/a vlasov\u00fd implant\u00e1t?<\/strong><\/p>\n<p>Pokud jste v ned\u00e1vn\u00e9 dob\u011b podstoupili operaci vlasov\u00fdch implant\u00e1t\u016f, doporu\u010dujeme p\u0159ed pou\u017eit\u00edm produkt\u016f Sereni Capelli po\u010dkat alespo\u0148 6 m\u011bs\u00edc\u016f.<\/p>\n<p>Obsahuj\u00ed alkohol a implantovan\u00e9 vlasy pot\u0159ebuj\u00ed \u010das, aby se vyvinuly a pos\u00edlily sv\u00e9 ko\u0159\u00ednky.<\/p>\n<p>Po \u0161esti m\u011bs\u00edc\u00edch od implantace v\u0161ak lze pou\u017e\u00edv\u00e1n\u00ed na\u0161ich produkt\u016f dokonce doporu\u010dit, proto\u017ee pom\u00e1haj\u00ed posilovat vlasy a eliminovat bakterie, kter\u00e9 mohou v\u00e9st k vypad\u00e1v\u00e1n\u00ed vlas\u016f.<\/p>\n<p><strong>Jsem alergick\u00fd na barvu. Mohu tyto produkty pou\u017e\u00edvat?<\/strong><\/p>\n<p>V\u00fdrobky Sereni Capelli m\u016f\u017eete pou\u017e\u00edvat m\u00edsto barviv, ani\u017e by hrozilo riziko vyvol\u00e1n\u00ed alergie.V\u00fdrobky Sereni Capelli neobsahuj\u00ed barviva ani oxidanty (PEROXID).<\/p>\n<p>P\u0159esto\u017ee obnovuj\u00ed p\u0159irozenou barvu vlas\u016f, nemaj\u00ed v\u00fdrobky Sereni Capelli nic spole\u010dn\u00e9ho s barvami na vlasy.<\/p>\n<p><strong>M\u00e1m lup\u00e9nku (nebo jin\u00e9 ko\u017en\u00ed onemocn\u011bn\u00ed), mohu tento produkt pou\u017e\u00edvat?<\/strong><\/p>\n<p>O\u0161et\u0159en\u00ed &#8222;Lozione&#8220; a &#8222;Crema &#8211; Forte&#8220; obsahuj\u00ed alkohol.<br \/>S v\u011bdom\u00edm slo\u017eitosti tohoto onemocn\u011bn\u00ed zvan\u00e9ho lup\u00e9nka a dal\u0161\u00edch ko\u017en\u00edch onemocn\u011bn\u00ed nedoporu\u010dujeme pou\u017e\u00edvat l\u00e9\u010dbu, i kdy\u017e se v \u017e\u00e1dn\u00e9m z test\u016f proveden\u00fdch v\u00fdrobn\u00edm t\u00fdmem nevyskytly ne\u017e\u00e1douc\u00ed \u00fa\u010dinky.<\/p>\n<p>Urychlova\u010de &#8222;Intenso Gel&#8220; a &#8222;Shampoo&#8220; jsou dokonce bezpe\u010dn\u011bj\u0161\u00ed ne\u017e l\u00e9\u010dba, ale pou\u017eit\u00ed t\u011bchto produkt\u016f mus\u00ed b\u00fdt tak\u00e9 o\u0161et\u0159eno s velkou opatrnost\u00ed.<\/p>\n<p><strong>Beru l\u00e9ky. Mohu tento produkt pou\u017e\u00edvat?<\/strong><\/p>\n<p>Pou\u017e\u00edv\u00e1n\u00ed v\u00fdrobk\u016f Sereni Capelli v kombinaci s jin\u00fdmi l\u00e9\u010debn\u00fdmi postupy nen\u00ed omezeno, ale m\u011bli byste m\u00edt na pam\u011bti n\u00e1sleduj\u00edc\u00ed:<\/p>\n<ul>\n<li>Pokud pou\u017e\u00edv\u00e1te povrchov\u00e9 o\u0161et\u0159en\u00ed, jako jsou oleje, masti, spreje atd., nepou\u017e\u00edvejte je na stejn\u00fd povrch, na kter\u00fd aplikujete o\u0161et\u0159en\u00ed &#8222;Lozione&#8220; nebo &#8222;Crema-Forte&#8220;, proto\u017ee se tato o\u0161et\u0159en\u00ed pravd\u011bpodobn\u011b vz\u00e1jemn\u011b vyru\u0161\u00ed.<\/li>\n<li>V\u00fd\u0161e uveden\u00e1 omezen\u00ed se nevztahuj\u00ed na urychlova\u010de &#8222;Shampoo&#8220; nebo &#8222;Gel-Intenso&#8220;.<\/li>\n<li>V p\u0159\u00edpad\u011b po\u017eiteln\u00fdch l\u00e9\u010div\u00fdch p\u0159\u00edpravk\u016f \u017e\u00e1dn\u00e1 omezen\u00ed neexistuj\u00ed.<\/li>\n<li>Vezm\u011bte pros\u00edm na v\u011bdom\u00ed, \u017ee n\u011bkter\u00e9 l\u00e9ky, jako nap\u0159\u00edklad &#8222;Aspirin&#8220; a &#8222;Paracetamol&#8220;, sni\u017euj\u00ed \u00fa\u010dinky l\u00e9\u010dby p\u0159\u00edpravkem Sereni Capelli a\u017e o 40 %.<\/li>\n<\/ul>\n<div> <\/div>\n<p><strong>Jsem alergick\u00fd na n\u011bkolik l\u00e1tek, mohu tento produkt pou\u017e\u00edvat?<\/strong><\/p>\n<p>NEDOPORU\u010cUJEME POU\u017d\u00cdVAT V\u00ddROBKY SERENI CAPELLI OSOB\u00c1M S V\u00cdCE\u010cETN\u00ddMI ALERGIEMI!<\/p>\n<p>V\u00fdrobky Sereni Capelli neobsahuj\u00ed slo\u017eky, kter\u00e9 by mohly zp\u016fsobovat alergie. Obsahuje v\u0161ak alkohol a m\u016f\u017ee zp\u016fsobit podr\u00e1\u017ed\u011bn\u00ed poko\u017eky, kter\u00e9 se u lid\u00ed, kte\u0159\u00ed jsou velmi snadno alergi\u010dt\u00ed, m\u016f\u017ee zm\u011bnit v alergii.<\/p>\n<p>Lid\u00e9 s mnoho\u010detn\u00fdmi alergiemi nebo lid\u00e9, kte\u0159\u00ed jsou velmi snadno citliv\u00ed nebo alergi\u010dt\u00ed na r\u016fzn\u00e9 l\u00e1tky, mohou b\u00fdt n\u011bkdy alergi\u010dt\u00ed i na nealergick\u00e9 l\u00e1tky\/slo\u017eky. Proto pro va\u0161i bezpe\u010dnost nedoporu\u010dujeme tyto v\u00fdrobky pou\u017e\u00edvat.<\/p>\n<p>Pokud v\u0161ak chcete na\u0161e v\u00fdrobky opravdu pou\u017e\u00edvat, doporu\u010dujeme, abyste je p\u0159ed pou\u017eit\u00edm podle n\u00e1vodu velmi pomalu otestovali.<\/p>\n<p><strong>JAK DOPORU\u010cUJEME POSTUPOVAT?<\/strong><\/p>\n<ul>\n<li>P\u0159edev\u0161\u00edm se ujist\u011bte, \u017ee m\u00e1te po ruce pot\u0159ebn\u00e9 l\u00e9ky proti alergi\u00edm, pokud by se vyskytly.<\/li>\n<li>V z\u00e1jmu va\u0161\u00ed bezpe\u010dnosti se ujist\u011bte, \u017ee je s v\u00e1mi na pokoji n\u011bkdo dal\u0161\u00ed, kdo v\u00e1m v p\u0159\u00edpad\u011b pot\u0159eby poskytne prvn\u00ed pomoc nebo v\u00e1s v p\u0159\u00edpad\u011b z\u00e1va\u017en\u00e9 alergie p\u0159eveze do nemocnice.<\/li>\n<li>Pot\u00e9 lahvi\u010dkou dob\u0159e prot\u0159epejte, naneste velmi mal\u00e9 mno\u017estv\u00ed p\u0159\u00edpravku na p\u0159edlokt\u00ed a rozet\u0159ete jej \u0161pi\u010dkou prstu na plo\u0161e 3-4 cm.<\/li>\n<li>Po\u010dkejte n\u011bkolik hodin, a pokud se nic nestane, zopakujte stejn\u00fd postup na poko\u017ece hlavy v m\u00edst\u011b, kde se st\u00fdk\u00e1 s \u010delem.<\/li>\n<li>Pokud se neobjev\u00ed \u017e\u00e1dn\u00e9 zn\u00e1mky alergie, m\u016f\u017eete aplikovat na v\u011bt\u0161\u00ed plochu a proces opakovat minim\u00e1ln\u011b \u010dty\u0159ikr\u00e1t s odstupem alespo\u0148 4 hodin.<\/li>\n<li>Pokud se alergie nevyskytnou, ale objev\u00ed se podr\u00e1\u017ed\u011bn\u00ed k\u016f\u017ee, zva\u017ete, jak siln\u00e9 a jak obt\u011b\u017euj\u00edc\u00ed je toto podr\u00e1\u017ed\u011bn\u00ed, abyste posoudili, zda budete cht\u00edt v l\u00e9\u010db\u011b pokra\u010dovat.<\/li>\n<li>U n\u011bkter\u00fdch lid\u00ed se m\u016f\u017ee objevit podr\u00e1\u017ed\u011bn\u00ed k\u016f\u017ee, co\u017e je norm\u00e1ln\u00ed proces, kter\u00fd v\u0161ak zmiz\u00ed p\u0159ibli\u017en\u011b po 15 pou\u017eit\u00edch.<\/li>\n<li>Je velmi d\u016fle\u017eit\u00e9 si uv\u011bdomit rozd\u00edl mezi podr\u00e1\u017ed\u011bn\u00edm k\u016f\u017ee a alergi\u00ed!<\/li>\n<\/ul>\n<div> <\/div>\n<p><strong>Nem\u00e1m b\u00edl\u00e9 vlasy! Mohu z\u00edskat dal\u0161\u00ed v\u00fdhody?<\/strong><\/p>\n<p>Ano! V\u00fdrobky Sereni Capelli m\u016f\u017eete pou\u017e\u00edvat, i kdy\u017e nem\u00e1te b\u00edl\u00e9 vlasy, a vyu\u017e\u00edvat v\u0161ech ostatn\u00edch v\u00fdhod.<br \/>Pou\u017e\u00edv\u00e1n\u00edm produkt\u016f Sereni Capelli, kdy\u017e nem\u00e1te b\u00edl\u00e9 chloupky, zabr\u00e1n\u00edte jejich vzniku.<\/p>\n<p><strong>Pou\u017e\u00edv\u00e1m tento produkt a sv\u011bd\u00ed m\u011b poko\u017eka hlavy. Pro\u010d?<\/strong><\/p>\n<p>Pokud v\u00e1s poko\u017eka hlavy sv\u011bd\u00ed, kdy\u017e pou\u017e\u00edv\u00e1te o\u0161et\u0159en\u00ed Sereni Capelli, znamen\u00e1 to, \u017ee bu\u010f poko\u017eka hlavy obsahuje mikrotrhlinky a ty se opravuj\u00ed, nebo m\u00e1te kolonii bakteri\u00ed a ty budou odstran\u011bny.<\/p>\n<p>P\u0159ibli\u017en\u011b po 2-3 t\u00fddnech pou\u017e\u00edv\u00e1n\u00ed na\u0161ich p\u0159\u00edpravk\u016f sv\u011bd\u011bn\u00ed zmiz\u00ed a poko\u017eka hlavy bude zcela zhojen\u00e1.<\/p>\n<p><strong>Kdy\u017e pou\u017e\u00edv\u00e1m tento v\u00fdrobek, vlasy mi zap\u00e1chaj\u00ed. Pro\u010d?<\/strong><\/p>\n<p>Kdy\u017e m\u00e1te bohat\u00e9 vlasy, mohou se ve vlasov\u00e9 poko\u017ece hromadit kolonie bakteri\u00ed, kter\u00e9 se dokonce mohou p\u0159en\u00e9st na vlasy.<br \/>P\u0159i pou\u017eit\u00ed v\u00fdrobk\u016f Sereni Capelli jsou tyto bakterie napadeny l\u00e1tkami obsa\u017een\u00fdmi v na\u0161ich v\u00fdrobc\u00edch a &#8222;bojuj\u00ed&#8220;.<\/p>\n<p>V d\u016fsledku boje proti t\u011bmto bakteri\u00edm se obvykle objev\u00ed nep\u0159\u00edjemn\u00fd z\u00e1pach, zejm\u00e9na kr\u00e1tce po aplikaci p\u0159\u00edpravku.<\/p>\n<p>Odstran\u011bn\u00ed t\u011bchto bakteri\u00ed a vymizen\u00ed z\u00e1pachu trv\u00e1 p\u0159ibli\u017en\u011b 3 t\u00fddny.<\/p>\n<p>Po t\u011bchto t\u0159ech t\u00fddnech by m\u011bl z\u00e1pach t\u00e9m\u011b\u0159 \u00fapln\u011b zmizet, co\u017e je zn\u00e1mka toho, \u017ee bakterie byly odstran\u011bny.<\/p>\n<p>V takov\u00fdch p\u0159\u00edpadech doporu\u010dujeme pokra\u010dovat v pou\u017e\u00edv\u00e1n\u00ed v\u00fdrobk\u016f podle &#8222;l\u00e9\u010debn\u00e9ho sch\u00e9matu&#8220; po dobu nejm\u00e9n\u011b 5 t\u00fddn\u016f p\u0159ed p\u0159echodem na &#8222;konsolida\u010dn\u00ed sch\u00e9ma&#8220;.<\/p>\n<p><strong>M\u00e1m zarudlou a sv\u011bd\u00edc\u00ed k\u016f\u017ei. Pro\u010d?<\/strong><\/p>\n<p>Pokud v\u00e1s p\u0159i pou\u017e\u00edv\u00e1n\u00ed p\u0159\u00edpravk\u016f Sereni Capelli \u0161t\u00edpe a \u010derven\u00e1 poko\u017eka, je mo\u017en\u00e9, \u017ee m\u00e1te citlivou poko\u017eku nebo trp\u00edte ko\u017en\u00edm onemocn\u011bn\u00edm, o kter\u00e9m nev\u00edte.<br \/>Existuje v\u0161ak tak\u00e9 mo\u017enost, \u017ee k\u016f\u017ee na hlav\u011b obsahuje mikrotrhliny, kter\u00e9 je t\u0159eba opravit.<\/p>\n<p>Doporu\u010dujeme se nejprve ujistit, \u017ee krom\u011b po\u010d\u00e1te\u010dn\u00edho p\u00e1len\u00ed a zarudnut\u00ed poko\u017eky hlavy nedoch\u00e1z\u00ed k \u017e\u00e1dn\u00fdm dal\u0161\u00edm \u00fa\u010dink\u016fm na k\u016f\u017ei.<br \/>Pokud se neobjev\u00ed \u017e\u00e1dn\u00e9 dal\u0161\u00ed \u00fa\u010dinky a \u010derven\u00e9 zbarven\u00ed zmiz\u00ed b\u011bhem 2-3 hodin, jedn\u00e1 se o norm\u00e1ln\u00ed proces, kter\u00fd by m\u011bl zmizet p\u0159ibli\u017en\u011b po 15-20 pou\u017eit\u00edch, proto\u017ee poko\u017eka hlavy se st\u00e1v\u00e1 odoln\u011bj\u0161\u00ed.<\/p>\n<p><strong>Pou\u017e\u00edv\u00e1m tento produkt, ale nevid\u00edm \u017e\u00e1dn\u00fd \u00fa\u010dinek.<\/strong><\/p>\n<p>Pravd\u011bpodobnost, \u017ee budete spr\u00e1vn\u011b pou\u017e\u00edvat p\u0159\u00edpravky Sereni Capelli podle n\u00e1vodu po dobu 14 dn\u016f a nezaznamen\u00e1te \u017e\u00e1dn\u00e9 zlep\u0161en\u00ed, je men\u0161\u00ed ne\u017e 1 ku 100 000.<\/p>\n<p>Bylo zji\u0161t\u011bno, \u017ee v\u00edce ne\u017e 99 % nahl\u00e1\u0161en\u00fdch neefektivn\u00edch postup\u016f bylo zp\u016fsobeno nevhodn\u00fdm pou\u017e\u00edv\u00e1n\u00edm l\u00e9\u010debn\u00fdch postup\u016f.<\/p>\n<p>Abyste se ujistili, \u017ee jste o\u0161et\u0159en\u00ed pou\u017eili spr\u00e1vn\u011b, pod\u00edvejte se na str\u00e1nku ka\u017ed\u00e9ho pou\u017e\u00edvan\u00e9ho v\u00fdrobku, kde najdete spr\u00e1vn\u00fd n\u00e1vod k pou\u017eit\u00ed.<\/p>\n<p>Pokud jste produkty pou\u017e\u00edvali spr\u00e1vn\u011b a opravdu nem\u00e1te v\u016fbec \u017e\u00e1dn\u00e9 v\u00fdsledky, pat\u0159\u00edte k t\u011bm vz\u00e1cn\u00fdm lidem, pro kter\u00e9 produkt prost\u011b nem\u016f\u017ee fungovat.<\/p>\n<p>Pokud zaznamen\u00e1te \u00fa\u010dinky, ale nejsou to \u00fa\u010dinky \u017e\u00e1douc\u00ed, spad\u00e1te do jedn\u00e9 nebo v\u00edce z n\u00e1sleduj\u00edc\u00edch situac\u00ed:<\/p>\n<ul>\n<li>Nerespektovali jste dobu pou\u017eit\u00ed p\u0159\u00edpravku.<\/li>\n<li>Nepou\u017eili jste dostate\u010dn\u00e9 mno\u017estv\u00ed produktu.<\/li>\n<li>P\u0159ed pou\u017eit\u00edm lahvi\u010dku dostate\u010dn\u011b neprot\u0159epejte.<\/li>\n<li>P\u0159\u00edpravek jste nepou\u017e\u00edvali dostate\u010dn\u011b dlouhou dobu (obvykle je nutn\u00e9 pou\u017e\u00edvat p\u0159\u00edpravek podle l\u00e9\u010debn\u00e9ho pl\u00e1nu po dobu 4-6 t\u00fddn\u016f bez p\u0159eru\u0161en\u00ed).<\/li>\n<\/ul>\n\t\t\t\t\t\t\t\t<\/div>\n\t\t\t\t<\/div>\n\t\t\t\t\t<\/div>\n\t\t\t\t<\/div>\n\t\t\t\t<\/div>\n\t\t","protected":false},"excerpt":{"rendered":"<p>Ot\u00e1zky a odpov\u011bdi Na t\u00e9to str\u00e1nce najdete odpov\u011bdi na nej\u010dast\u011bj\u0161\u00ed ot\u00e1zky na\u0161ich z\u00e1kazn\u00edk\u016f. Tyto informace v\u00e1m pomohou dos\u00e1hnout nejlep\u0161\u00edch v\u00fdsledk\u016f p\u0159i pou\u017e\u00edv\u00e1n\u00ed produkt\u016f Sereni Capelli. Jakou m\u00e1m z\u00e1ruku, \u017ee tento produkt funguje? Na v\u00fdrobky Sereni Capelli se vztahuje 30denn\u00ed z\u00e1ruka od data p\u0159evzet\u00ed. Pokud nejste spokojeni s v\u00fdsledky dosa\u017een\u00fdmi pou\u017e\u00edv\u00e1n\u00edm na\u0161ich v\u00fdrobk\u016f po dobu nejm\u00e9n\u011b [&hellip;]<\/p>\n","protected":false},"author":1,"featured_media":0,"parent":0,"menu_order":0,"comment_status":"closed","ping_status":"closed","template":"","meta":{"footnotes":""},"class_list":["post-728048","page","type-page","status-publish","hentry"],"_links":{"self":[{"href":"https:\/\/serenicapelli.com\/cs\/wp-json\/wp\/v2\/pages\/728048","targetHints":{"allow":["GET"]}}],"collection":[{"href":"https:\/\/serenicapelli.com\/cs\/wp-json\/wp\/v2\/pages"}],"about":[{"href":"https:\/\/serenicapelli.com\/cs\/wp-json\/wp\/v2\/types\/page"}],"author":[{"embeddable":true,"href":"https:\/\/serenicapelli.com\/cs\/wp-json\/wp\/v2\/users\/1"}],"replies":[{"embeddable":true,"href":"https:\/\/serenicapelli.com\/cs\/wp-json\/wp\/v2\/comments?post=728048"}],"version-history":[{"count":0,"href":"https:\/\/serenicapelli.com\/cs\/wp-json\/wp\/v2\/pages\/728048\/revisions"}],"wp:attachment":[{"href":"https:\/\/serenicapelli.com\/cs\/wp-json\/wp\/v2\/media?parent=728048"}],"curies":[{"name":"wp","href":"https:\/\/api.w.org\/{rel}","templated":true}]}}